{"id":6422,"date":"2024-05-07T22:29:05","date_gmt":"2024-05-08T04:29:05","guid":{"rendered":"https:\/\/camilaherreracr.com\/cooljewels\/producto\/umbrella-day\/"},"modified":"2024-05-08T20:56:21","modified_gmt":"2024-05-09T02:56:21","slug":"umbrella-day","status":"publish","type":"product","link":"https:\/\/camilaherreracr.com\/cooljewels\/producto\/umbrella-day\/","title":{"rendered":"Umbrella day"},"content":{"rendered":"<p>Una cadena confeccionada con piedras naturales y un dije que representa una sombrilla. Este accesorio no solo cumple la funci\u00f3n est\u00e9tica de realzar el cuello, sino que tambi\u00e9n exhibe una fusi\u00f3n de elementos naturales y un motivo decorativo, resultando en una pieza que conjuga sencillez con un toque distintivo.<\/p>\n","protected":false},"excerpt":{"rendered":"<p>Cadena de acero inoxidable plateada, elaborada con piedras naturales y un dije.<\/p>\n","protected":false},"featured_media":6575,"template":"","meta":{"om_disable_all_campaigns":false,"_monsterinsights_skip_tracking":false,"_monsterinsights_sitenote_active":false,"_monsterinsights_sitenote_note":"","_monsterinsights_sitenote_category":0,"_uf_show_specific_survey":0,"_uf_disable_surveys":false},"product_cat":[162,159,181],"product_tag":[168,156,83,157],"aioseo_notices":[],"jetpack_sharing_enabled":true,"_links":{"self":[{"href":"https:\/\/camilaherreracr.com\/cooljewels\/wp-json\/wp\/v2\/product\/6422"}],"collection":[{"href":"https:\/\/camilaherreracr.com\/cooljewels\/wp-json\/wp\/v2\/product"}],"about":[{"href":"https:\/\/camilaherreracr.com\/cooljewels\/wp-json\/wp\/v2\/types\/product"}],"wp:featuredmedia":[{"embeddable":true,"href":"https:\/\/camilaherreracr.com\/cooljewels\/wp-json\/wp\/v2\/media\/6575"}],"wp:attachment":[{"href":"https:\/\/camilaherreracr.com\/cooljewels\/wp-json\/wp\/v2\/media?parent=6422"}],"wp:term":[{"taxonomy":"product_cat","embeddable":true,"href":"https:\/\/camilaherreracr.com\/cooljewels\/wp-json\/wp\/v2\/product_cat?post=6422"},{"taxonomy":"product_tag","embeddable":true,"href":"https:\/\/camilaherreracr.com\/cooljewels\/wp-json\/wp\/v2\/product_tag?post=6422"}],"curies":[{"name":"wp","href":"https:\/\/api.w.org\/{rel}","templated":true}]}}