{"id":6418,"date":"2024-05-07T22:29:04","date_gmt":"2024-05-08T04:29:04","guid":{"rendered":"https:\/\/camilaherreracr.com\/cooljewels\/producto\/sweet-candy\/"},"modified":"2024-05-20T14:51:29","modified_gmt":"2024-05-20T20:51:29","slug":"sweet-candy","status":"publish","type":"product","link":"https:\/\/camilaherreracr.com\/cooljewels\/producto\/sweet-candy\/","title":{"rendered":"Sweet candy"},"content":{"rendered":"<p>Estos collares, dise\u00f1ados con una mezcla cautivadora de pukas, perlas y miyukis, est\u00e1n sumergidos en una paleta de tonos rosados y rojos, creando una sinfon\u00eda visual de colores apasionados y encantadores.<\/p>\n","protected":false},"excerpt":{"rendered":"<p>Doble collar confeccionado con pukas y perlas.<\/p>\n","protected":false},"featured_media":6558,"template":"","meta":{"om_disable_all_campaigns":false,"_monsterinsights_skip_tracking":false,"_monsterinsights_sitenote_active":false,"_monsterinsights_sitenote_note":"","_monsterinsights_sitenote_category":0,"_uf_show_specific_survey":0,"_uf_disable_surveys":false},"product_cat":[159],"product_tag":[168,156,83,157],"aioseo_notices":[],"jetpack_sharing_enabled":true,"_links":{"self":[{"href":"https:\/\/camilaherreracr.com\/cooljewels\/wp-json\/wp\/v2\/product\/6418"}],"collection":[{"href":"https:\/\/camilaherreracr.com\/cooljewels\/wp-json\/wp\/v2\/product"}],"about":[{"href":"https:\/\/camilaherreracr.com\/cooljewels\/wp-json\/wp\/v2\/types\/product"}],"wp:featuredmedia":[{"embeddable":true,"href":"https:\/\/camilaherreracr.com\/cooljewels\/wp-json\/wp\/v2\/media\/6558"}],"wp:attachment":[{"href":"https:\/\/camilaherreracr.com\/cooljewels\/wp-json\/wp\/v2\/media?parent=6418"}],"wp:term":[{"taxonomy":"product_cat","embeddable":true,"href":"https:\/\/camilaherreracr.com\/cooljewels\/wp-json\/wp\/v2\/product_cat?post=6418"},{"taxonomy":"product_tag","embeddable":true,"href":"https:\/\/camilaherreracr.com\/cooljewels\/wp-json\/wp\/v2\/product_tag?post=6418"}],"curies":[{"name":"wp","href":"https:\/\/api.w.org\/{rel}","templated":true}]}}