{"id":6409,"date":"2024-05-07T22:29:03","date_gmt":"2024-05-08T04:29:03","guid":{"rendered":"https:\/\/camilaherreracr.com\/cooljewels\/producto\/salty-but-sweet\/"},"modified":"2024-05-08T20:56:20","modified_gmt":"2024-05-09T02:56:20","slug":"salty-but-sweet","status":"publish","type":"product","link":"https:\/\/camilaherreracr.com\/cooljewels\/producto\/salty-but-sweet\/","title":{"rendered":"Salty but sweet"},"content":{"rendered":"<p>Un choker confeccionado con pukas, exhibiendo una paleta crom\u00e1tica vibrante y llena de vitalidad, que evoca la frescura y la alegr\u00eda asociadas con el entorno playero. Este accesorio no solo cumple la funci\u00f3n est\u00e9tica de embellecer el cuello, sino que tambi\u00e9n refleja una expresi\u00f3n visual de dinamismo y energ\u00eda.<\/p>\n","protected":false},"excerpt":{"rendered":"<p>Un choker playero con pukas de colores vivos.<\/p>\n","protected":false},"featured_media":6545,"template":"","meta":{"om_disable_all_campaigns":false,"_monsterinsights_skip_tracking":false,"_monsterinsights_sitenote_active":false,"_monsterinsights_sitenote_note":"","_monsterinsights_sitenote_category":0,"_uf_show_specific_survey":0,"_uf_disable_surveys":false},"product_cat":[160,159,170],"product_tag":[168,156,83,161,157],"aioseo_notices":[],"jetpack_sharing_enabled":true,"_links":{"self":[{"href":"https:\/\/camilaherreracr.com\/cooljewels\/wp-json\/wp\/v2\/product\/6409"}],"collection":[{"href":"https:\/\/camilaherreracr.com\/cooljewels\/wp-json\/wp\/v2\/product"}],"about":[{"href":"https:\/\/camilaherreracr.com\/cooljewels\/wp-json\/wp\/v2\/types\/product"}],"wp:featuredmedia":[{"embeddable":true,"href":"https:\/\/camilaherreracr.com\/cooljewels\/wp-json\/wp\/v2\/media\/6545"}],"wp:attachment":[{"href":"https:\/\/camilaherreracr.com\/cooljewels\/wp-json\/wp\/v2\/media?parent=6409"}],"wp:term":[{"taxonomy":"product_cat","embeddable":true,"href":"https:\/\/camilaherreracr.com\/cooljewels\/wp-json\/wp\/v2\/product_cat?post=6409"},{"taxonomy":"product_tag","embeddable":true,"href":"https:\/\/camilaherreracr.com\/cooljewels\/wp-json\/wp\/v2\/product_tag?post=6409"}],"curies":[{"name":"wp","href":"https:\/\/api.w.org\/{rel}","templated":true}]}}