{"id":6408,"date":"2024-05-07T22:29:02","date_gmt":"2024-05-08T04:29:02","guid":{"rendered":"https:\/\/camilaherreracr.com\/cooljewels\/producto\/salinas\/"},"modified":"2024-05-08T20:56:20","modified_gmt":"2024-05-09T02:56:20","slug":"salinas","status":"publish","type":"product","link":"https:\/\/camilaherreracr.com\/cooljewels\/producto\/salinas\/","title":{"rendered":"Salinas"},"content":{"rendered":"<p>Un collar compuesto por cristales en colores pasteles y perlas cultivadas. Este accesorio, refleja la atenci\u00f3n al detalle y la est\u00e9tica, destac\u00e1ndose como una pieza de joyer\u00eda \u00fanica y delicada.<\/p>\n","protected":false},"excerpt":{"rendered":"<p>Collar confeccionado de cristales en tonos pastel y perlas cultivadas.<\/p>\n","protected":false},"featured_media":6544,"template":"","meta":{"om_disable_all_campaigns":false,"_monsterinsights_skip_tracking":false,"_monsterinsights_sitenote_active":false,"_monsterinsights_sitenote_note":"","_monsterinsights_sitenote_category":0,"_uf_show_specific_survey":0,"_uf_disable_surveys":false},"product_cat":[160,159],"product_tag":[168,156,83,157],"aioseo_notices":[],"jetpack_sharing_enabled":true,"_links":{"self":[{"href":"https:\/\/camilaherreracr.com\/cooljewels\/wp-json\/wp\/v2\/product\/6408"}],"collection":[{"href":"https:\/\/camilaherreracr.com\/cooljewels\/wp-json\/wp\/v2\/product"}],"about":[{"href":"https:\/\/camilaherreracr.com\/cooljewels\/wp-json\/wp\/v2\/types\/product"}],"wp:featuredmedia":[{"embeddable":true,"href":"https:\/\/camilaherreracr.com\/cooljewels\/wp-json\/wp\/v2\/media\/6544"}],"wp:attachment":[{"href":"https:\/\/camilaherreracr.com\/cooljewels\/wp-json\/wp\/v2\/media?parent=6408"}],"wp:term":[{"taxonomy":"product_cat","embeddable":true,"href":"https:\/\/camilaherreracr.com\/cooljewels\/wp-json\/wp\/v2\/product_cat?post=6408"},{"taxonomy":"product_tag","embeddable":true,"href":"https:\/\/camilaherreracr.com\/cooljewels\/wp-json\/wp\/v2\/product_tag?post=6408"}],"curies":[{"name":"wp","href":"https:\/\/api.w.org\/{rel}","templated":true}]}}