{"id":6402,"date":"2024-05-07T22:29:02","date_gmt":"2024-05-08T04:29:02","guid":{"rendered":"https:\/\/camilaherreracr.com\/cooljewels\/producto\/paves\/"},"modified":"2024-05-08T20:56:19","modified_gmt":"2024-05-09T02:56:19","slug":"paves","status":"publish","type":"product","link":"https:\/\/camilaherreracr.com\/cooljewels\/producto\/paves\/","title":{"rendered":"Pav\u00e9s"},"content":{"rendered":"<p>Un collar confeccionado a partir de eslabones de acero inoxidable que exhiben una combinaci\u00f3n \u00fanica de solidez y refinamiento. Este accesorio se enriquece con la presencia de una perla cultivada de forma plana, la c\u00faal a\u00f1ade un toque de sofisticaci\u00f3n atemporal a la pieza.<\/p>\n","protected":false},"excerpt":{"rendered":"<p>Collar de eslabones dorados y una perla cultivadas blanca.<\/p>\n","protected":false},"featured_media":6541,"template":"","meta":{"om_disable_all_campaigns":false,"_monsterinsights_skip_tracking":false,"_monsterinsights_sitenote_active":false,"_monsterinsights_sitenote_note":"","_monsterinsights_sitenote_category":0,"_uf_show_specific_survey":0,"_uf_disable_surveys":false},"product_cat":[162,159,163],"product_tag":[166,158,156,157],"aioseo_notices":[],"jetpack_sharing_enabled":true,"_links":{"self":[{"href":"https:\/\/camilaherreracr.com\/cooljewels\/wp-json\/wp\/v2\/product\/6402"}],"collection":[{"href":"https:\/\/camilaherreracr.com\/cooljewels\/wp-json\/wp\/v2\/product"}],"about":[{"href":"https:\/\/camilaherreracr.com\/cooljewels\/wp-json\/wp\/v2\/types\/product"}],"wp:featuredmedia":[{"embeddable":true,"href":"https:\/\/camilaherreracr.com\/cooljewels\/wp-json\/wp\/v2\/media\/6541"}],"wp:attachment":[{"href":"https:\/\/camilaherreracr.com\/cooljewels\/wp-json\/wp\/v2\/media?parent=6402"}],"wp:term":[{"taxonomy":"product_cat","embeddable":true,"href":"https:\/\/camilaherreracr.com\/cooljewels\/wp-json\/wp\/v2\/product_cat?post=6402"},{"taxonomy":"product_tag","embeddable":true,"href":"https:\/\/camilaherreracr.com\/cooljewels\/wp-json\/wp\/v2\/product_tag?post=6402"}],"curies":[{"name":"wp","href":"https:\/\/api.w.org\/{rel}","templated":true}]}}