{"id":6400,"date":"2024-05-07T22:29:01","date_gmt":"2024-05-08T04:29:01","guid":{"rendered":"https:\/\/camilaherreracr.com\/cooljewels\/producto\/papallona\/"},"modified":"2024-05-08T20:56:19","modified_gmt":"2024-05-09T02:56:19","slug":"papallona","status":"publish","type":"product","link":"https:\/\/camilaherreracr.com\/cooljewels\/producto\/papallona\/","title":{"rendered":"Papallona"},"content":{"rendered":"<p>Este deslumbrante accesorio presenta cristales celestes, combinados con la gracia y la alegr\u00eda de encantadoras mariposas. En el coraz\u00f3n de este accesorio, una perla cultivada a\u00f1ade un toque de elegancia que lo convierte en algo realmente especial.<\/p>\n","protected":false},"excerpt":{"rendered":"<p>Choker confeccionado con cristales y mariposas de colores.<\/p>\n","protected":false},"featured_media":6620,"template":"","meta":{"om_disable_all_campaigns":false,"_monsterinsights_skip_tracking":false,"_monsterinsights_sitenote_active":false,"_monsterinsights_sitenote_note":"","_monsterinsights_sitenote_category":0,"_uf_show_specific_survey":0,"_uf_disable_surveys":false},"product_cat":[160,159],"product_tag":[168,156,83,157],"aioseo_notices":[],"jetpack_sharing_enabled":true,"_links":{"self":[{"href":"https:\/\/camilaherreracr.com\/cooljewels\/wp-json\/wp\/v2\/product\/6400"}],"collection":[{"href":"https:\/\/camilaherreracr.com\/cooljewels\/wp-json\/wp\/v2\/product"}],"about":[{"href":"https:\/\/camilaherreracr.com\/cooljewels\/wp-json\/wp\/v2\/types\/product"}],"wp:featuredmedia":[{"embeddable":true,"href":"https:\/\/camilaherreracr.com\/cooljewels\/wp-json\/wp\/v2\/media\/6620"}],"wp:attachment":[{"href":"https:\/\/camilaherreracr.com\/cooljewels\/wp-json\/wp\/v2\/media?parent=6400"}],"wp:term":[{"taxonomy":"product_cat","embeddable":true,"href":"https:\/\/camilaherreracr.com\/cooljewels\/wp-json\/wp\/v2\/product_cat?post=6400"},{"taxonomy":"product_tag","embeddable":true,"href":"https:\/\/camilaherreracr.com\/cooljewels\/wp-json\/wp\/v2\/product_tag?post=6400"}],"curies":[{"name":"wp","href":"https:\/\/api.w.org\/{rel}","templated":true}]}}