{"id":6386,"date":"2024-05-07T22:28:58","date_gmt":"2024-05-08T04:28:58","guid":{"rendered":"https:\/\/camilaherreracr.com\/cooljewels\/producto\/morning-mist\/"},"modified":"2024-05-08T20:56:19","modified_gmt":"2024-05-09T02:56:19","slug":"morning-mist","status":"publish","type":"product","link":"https:\/\/camilaherreracr.com\/cooljewels\/producto\/morning-mist\/","title":{"rendered":"Morning mist"},"content":{"rendered":"<p>Un collar confeccionado con cristales azules opacos en tono azul y perlas, presenta una composici\u00f3n que fusiona la opacidad distinguida de los cristales azules con la elegancia cl\u00e1sica de las perlas, resultando en un accesorio con equilibrio est\u00e9tico.<\/p>\n","protected":false},"excerpt":{"rendered":"<p>Un collar elaborado de cristales azules con perlas.<\/p>\n","protected":false},"featured_media":6520,"template":"","meta":{"om_disable_all_campaigns":false,"_monsterinsights_skip_tracking":false,"_monsterinsights_sitenote_active":false,"_monsterinsights_sitenote_note":"","_monsterinsights_sitenote_category":0,"_uf_show_specific_survey":0,"_uf_disable_surveys":false},"product_cat":[159],"product_tag":[168,156,83,161,157],"aioseo_notices":[],"jetpack_sharing_enabled":true,"_links":{"self":[{"href":"https:\/\/camilaherreracr.com\/cooljewels\/wp-json\/wp\/v2\/product\/6386"}],"collection":[{"href":"https:\/\/camilaherreracr.com\/cooljewels\/wp-json\/wp\/v2\/product"}],"about":[{"href":"https:\/\/camilaherreracr.com\/cooljewels\/wp-json\/wp\/v2\/types\/product"}],"wp:featuredmedia":[{"embeddable":true,"href":"https:\/\/camilaherreracr.com\/cooljewels\/wp-json\/wp\/v2\/media\/6520"}],"wp:attachment":[{"href":"https:\/\/camilaherreracr.com\/cooljewels\/wp-json\/wp\/v2\/media?parent=6386"}],"wp:term":[{"taxonomy":"product_cat","embeddable":true,"href":"https:\/\/camilaherreracr.com\/cooljewels\/wp-json\/wp\/v2\/product_cat?post=6386"},{"taxonomy":"product_tag","embeddable":true,"href":"https:\/\/camilaherreracr.com\/cooljewels\/wp-json\/wp\/v2\/product_tag?post=6386"}],"curies":[{"name":"wp","href":"https:\/\/api.w.org\/{rel}","templated":true}]}}