{"id":6381,"date":"2024-05-07T22:28:57","date_gmt":"2024-05-08T04:28:57","guid":{"rendered":"https:\/\/camilaherreracr.com\/cooljewels\/producto\/millefiori\/"},"modified":"2024-05-08T20:56:19","modified_gmt":"2024-05-09T02:56:19","slug":"millefiori","status":"publish","type":"product","link":"https:\/\/camilaherreracr.com\/cooljewels\/producto\/millefiori\/","title":{"rendered":"Millefiori"},"content":{"rendered":"<p>Un collar confeccionado con perlas cultivadas y muranos redondos, manifestando una fusi\u00f3n de refinamiento y artesan\u00eda. Este accesorio se distingue por la elegancia natural de las perlas cultivadas, combinada con la luminosidad y la art\u00edstica destreza de los muranos, creando una joya que resalta la sofisticaci\u00f3n y la belleza atemporal en cada detalle.<\/p>\n","protected":false},"excerpt":{"rendered":"<p>Collar con perlas y muranos redondos de colores.<\/p>\n","protected":false},"featured_media":6515,"template":"","meta":{"om_disable_all_campaigns":false,"_monsterinsights_skip_tracking":false,"_monsterinsights_sitenote_active":false,"_monsterinsights_sitenote_note":"","_monsterinsights_sitenote_category":0,"_uf_show_specific_survey":0,"_uf_disable_surveys":false},"product_cat":[159],"product_tag":[158,156,157],"aioseo_notices":[],"jetpack_sharing_enabled":true,"_links":{"self":[{"href":"https:\/\/camilaherreracr.com\/cooljewels\/wp-json\/wp\/v2\/product\/6381"}],"collection":[{"href":"https:\/\/camilaherreracr.com\/cooljewels\/wp-json\/wp\/v2\/product"}],"about":[{"href":"https:\/\/camilaherreracr.com\/cooljewels\/wp-json\/wp\/v2\/types\/product"}],"wp:featuredmedia":[{"embeddable":true,"href":"https:\/\/camilaherreracr.com\/cooljewels\/wp-json\/wp\/v2\/media\/6515"}],"wp:attachment":[{"href":"https:\/\/camilaherreracr.com\/cooljewels\/wp-json\/wp\/v2\/media?parent=6381"}],"wp:term":[{"taxonomy":"product_cat","embeddable":true,"href":"https:\/\/camilaherreracr.com\/cooljewels\/wp-json\/wp\/v2\/product_cat?post=6381"},{"taxonomy":"product_tag","embeddable":true,"href":"https:\/\/camilaherreracr.com\/cooljewels\/wp-json\/wp\/v2\/product_tag?post=6381"}],"curies":[{"name":"wp","href":"https:\/\/api.w.org\/{rel}","templated":true}]}}