{"id":6376,"date":"2024-05-07T22:28:57","date_gmt":"2024-05-08T04:28:57","guid":{"rendered":"https:\/\/camilaherreracr.com\/cooljewels\/producto\/manglar\/"},"modified":"2024-05-08T20:56:17","modified_gmt":"2024-05-09T02:56:17","slug":"manglar","status":"publish","type":"product","link":"https:\/\/camilaherreracr.com\/cooljewels\/producto\/manglar\/","title":{"rendered":"Manglar"},"content":{"rendered":"<p>Un collar vibrante y lleno de alegr\u00eda con abalorios, miyukis y perlas de colores diversos, creado para a\u00f1adir un toque juguet\u00f3n y divertido alrededor del cuello.<\/p>\n","protected":false},"excerpt":{"rendered":"<p>Choker de colores confeccionado con abalorios y perlas.<\/p>\n","protected":false},"featured_media":6618,"template":"","meta":{"om_disable_all_campaigns":false,"_monsterinsights_skip_tracking":false,"_monsterinsights_sitenote_active":false,"_monsterinsights_sitenote_note":"","_monsterinsights_sitenote_category":0,"_uf_show_specific_survey":0,"_uf_disable_surveys":false},"product_cat":[160,159,170],"product_tag":[182],"aioseo_notices":[],"jetpack_sharing_enabled":true,"_links":{"self":[{"href":"https:\/\/camilaherreracr.com\/cooljewels\/wp-json\/wp\/v2\/product\/6376"}],"collection":[{"href":"https:\/\/camilaherreracr.com\/cooljewels\/wp-json\/wp\/v2\/product"}],"about":[{"href":"https:\/\/camilaherreracr.com\/cooljewels\/wp-json\/wp\/v2\/types\/product"}],"wp:featuredmedia":[{"embeddable":true,"href":"https:\/\/camilaherreracr.com\/cooljewels\/wp-json\/wp\/v2\/media\/6618"}],"wp:attachment":[{"href":"https:\/\/camilaherreracr.com\/cooljewels\/wp-json\/wp\/v2\/media?parent=6376"}],"wp:term":[{"taxonomy":"product_cat","embeddable":true,"href":"https:\/\/camilaherreracr.com\/cooljewels\/wp-json\/wp\/v2\/product_cat?post=6376"},{"taxonomy":"product_tag","embeddable":true,"href":"https:\/\/camilaherreracr.com\/cooljewels\/wp-json\/wp\/v2\/product_tag?post=6376"}],"curies":[{"name":"wp","href":"https:\/\/api.w.org\/{rel}","templated":true}]}}