{"id":6366,"date":"2024-05-07T22:28:49","date_gmt":"2024-05-08T04:28:49","guid":{"rendered":"https:\/\/camilaherreracr.com\/cooljewels\/producto\/macavity\/"},"modified":"2024-05-08T20:56:16","modified_gmt":"2024-05-09T02:56:16","slug":"macavity","status":"publish","type":"product","link":"https:\/\/camilaherreracr.com\/cooljewels\/producto\/macavity\/","title":{"rendered":"Macavity"},"content":{"rendered":"<p>Un collar compuesto por pukas en tonos rosados, que se complementa con un colgante dise\u00f1ado en la forma de un gato, fusionando elementos llamativos con un toque de expresi\u00f3n art\u00edstica.<\/p>\n","protected":false},"excerpt":{"rendered":"<p>Un collar con pukas y un colgante con la figura de un gato.<\/p>\n","protected":false},"featured_media":6479,"template":"","meta":{"om_disable_all_campaigns":false,"_monsterinsights_skip_tracking":false,"_monsterinsights_sitenote_active":false,"_monsterinsights_sitenote_note":"","_monsterinsights_sitenote_category":0,"_uf_show_specific_survey":0,"_uf_disable_surveys":false},"product_cat":[159],"product_tag":[168,156,161,157],"aioseo_notices":[],"jetpack_sharing_enabled":true,"_links":{"self":[{"href":"https:\/\/camilaherreracr.com\/cooljewels\/wp-json\/wp\/v2\/product\/6366"}],"collection":[{"href":"https:\/\/camilaherreracr.com\/cooljewels\/wp-json\/wp\/v2\/product"}],"about":[{"href":"https:\/\/camilaherreracr.com\/cooljewels\/wp-json\/wp\/v2\/types\/product"}],"wp:featuredmedia":[{"embeddable":true,"href":"https:\/\/camilaherreracr.com\/cooljewels\/wp-json\/wp\/v2\/media\/6479"}],"wp:attachment":[{"href":"https:\/\/camilaherreracr.com\/cooljewels\/wp-json\/wp\/v2\/media?parent=6366"}],"wp:term":[{"taxonomy":"product_cat","embeddable":true,"href":"https:\/\/camilaherreracr.com\/cooljewels\/wp-json\/wp\/v2\/product_cat?post=6366"},{"taxonomy":"product_tag","embeddable":true,"href":"https:\/\/camilaherreracr.com\/cooljewels\/wp-json\/wp\/v2\/product_tag?post=6366"}],"curies":[{"name":"wp","href":"https:\/\/api.w.org\/{rel}","templated":true}]}}