{"id":6359,"date":"2024-05-07T22:28:48","date_gmt":"2024-05-08T04:28:48","guid":{"rendered":"https:\/\/camilaherreracr.com\/cooljewels\/producto\/love-is-in-the-air\/"},"modified":"2024-05-08T20:56:16","modified_gmt":"2024-05-09T02:56:16","slug":"love-is-in-the-air","status":"publish","type":"product","link":"https:\/\/camilaherreracr.com\/cooljewels\/producto\/love-is-in-the-air\/","title":{"rendered":"Love is in the air"},"content":{"rendered":"<p>Un choker alegre y lleno de color con pukas, corazones y una perla en el centro, dise\u00f1ado para a\u00f1adir diversi\u00f3n y un toque encantador alrededor del cuello.<\/p>\n","protected":false},"excerpt":{"rendered":"<p>Choker confeccionado con pukas, corazones de colores y una perla en el centro.<\/p>\n","protected":false},"featured_media":6615,"template":"","meta":{"om_disable_all_campaigns":false,"_monsterinsights_skip_tracking":false,"_monsterinsights_sitenote_active":false,"_monsterinsights_sitenote_note":"","_monsterinsights_sitenote_category":0,"_uf_show_specific_survey":0,"_uf_disable_surveys":false},"product_cat":[160,159,170],"product_tag":[168,156,83,157],"aioseo_notices":[],"jetpack_sharing_enabled":true,"_links":{"self":[{"href":"https:\/\/camilaherreracr.com\/cooljewels\/wp-json\/wp\/v2\/product\/6359"}],"collection":[{"href":"https:\/\/camilaherreracr.com\/cooljewels\/wp-json\/wp\/v2\/product"}],"about":[{"href":"https:\/\/camilaherreracr.com\/cooljewels\/wp-json\/wp\/v2\/types\/product"}],"wp:featuredmedia":[{"embeddable":true,"href":"https:\/\/camilaherreracr.com\/cooljewels\/wp-json\/wp\/v2\/media\/6615"}],"wp:attachment":[{"href":"https:\/\/camilaherreracr.com\/cooljewels\/wp-json\/wp\/v2\/media?parent=6359"}],"wp:term":[{"taxonomy":"product_cat","embeddable":true,"href":"https:\/\/camilaherreracr.com\/cooljewels\/wp-json\/wp\/v2\/product_cat?post=6359"},{"taxonomy":"product_tag","embeddable":true,"href":"https:\/\/camilaherreracr.com\/cooljewels\/wp-json\/wp\/v2\/product_tag?post=6359"}],"curies":[{"name":"wp","href":"https:\/\/api.w.org\/{rel}","templated":true}]}}