{"id":6351,"date":"2024-05-07T22:28:47","date_gmt":"2024-05-08T04:28:47","guid":{"rendered":"https:\/\/camilaherreracr.com\/cooljewels\/producto\/koro-set\/"},"modified":"2024-05-08T20:56:16","modified_gmt":"2024-05-09T02:56:16","slug":"koro-set","status":"publish","type":"product","link":"https:\/\/camilaherreracr.com\/cooljewels\/producto\/koro-set\/","title":{"rendered":"Koro set"},"content":{"rendered":"<p>Conjunto de dos collares, uno con cristales verdes y detalles en forma de coraz\u00f3n, y otro con una cadena plateada con dije de coraz\u00f3n. Ambos elementos est\u00e1n fabricados en acero inoxidable.<\/p>\n","protected":false},"excerpt":{"rendered":"<p>Set de collares.<\/p>\n","protected":false},"featured_media":6489,"template":"","meta":{"om_disable_all_campaigns":false,"_monsterinsights_skip_tracking":false,"_monsterinsights_sitenote_active":false,"_monsterinsights_sitenote_note":"","_monsterinsights_sitenote_category":0,"_uf_show_specific_survey":0,"_uf_disable_surveys":false},"product_cat":[167],"product_tag":[156,83,157],"aioseo_notices":[],"jetpack_sharing_enabled":true,"_links":{"self":[{"href":"https:\/\/camilaherreracr.com\/cooljewels\/wp-json\/wp\/v2\/product\/6351"}],"collection":[{"href":"https:\/\/camilaherreracr.com\/cooljewels\/wp-json\/wp\/v2\/product"}],"about":[{"href":"https:\/\/camilaherreracr.com\/cooljewels\/wp-json\/wp\/v2\/types\/product"}],"wp:featuredmedia":[{"embeddable":true,"href":"https:\/\/camilaherreracr.com\/cooljewels\/wp-json\/wp\/v2\/media\/6489"}],"wp:attachment":[{"href":"https:\/\/camilaherreracr.com\/cooljewels\/wp-json\/wp\/v2\/media?parent=6351"}],"wp:term":[{"taxonomy":"product_cat","embeddable":true,"href":"https:\/\/camilaherreracr.com\/cooljewels\/wp-json\/wp\/v2\/product_cat?post=6351"},{"taxonomy":"product_tag","embeddable":true,"href":"https:\/\/camilaherreracr.com\/cooljewels\/wp-json\/wp\/v2\/product_tag?post=6351"}],"curies":[{"name":"wp","href":"https:\/\/api.w.org\/{rel}","templated":true}]}}