{"id":6333,"date":"2024-05-07T22:28:42","date_gmt":"2024-05-08T04:28:42","guid":{"rendered":"https:\/\/camilaherreracr.com\/cooljewels\/producto\/flute\/"},"modified":"2024-05-08T20:56:15","modified_gmt":"2024-05-09T02:56:15","slug":"flute","status":"publish","type":"product","link":"https:\/\/camilaherreracr.com\/cooljewels\/producto\/flute\/","title":{"rendered":"Flut\u00e9"},"content":{"rendered":"<p>Un collar que combina perlas y piedras picadas, fusionando la elegancia cl\u00e1sica de las perlas con la distinci\u00f3n art\u00edstica de la piedra picada, creando as\u00ed un accesorio que destaca por su sofisticaci\u00f3n y singularidad.<\/p>\n","protected":false},"excerpt":{"rendered":"<p>Collar confeccionado con perlas y piedra picada.<\/p>\n","protected":false},"featured_media":6476,"template":"","meta":{"om_disable_all_campaigns":false,"_monsterinsights_skip_tracking":false,"_monsterinsights_sitenote_active":false,"_monsterinsights_sitenote_note":"","_monsterinsights_sitenote_category":0,"_uf_show_specific_survey":0,"_uf_disable_surveys":false},"product_cat":[159],"product_tag":[168,161,157],"aioseo_notices":[],"jetpack_sharing_enabled":true,"_links":{"self":[{"href":"https:\/\/camilaherreracr.com\/cooljewels\/wp-json\/wp\/v2\/product\/6333"}],"collection":[{"href":"https:\/\/camilaherreracr.com\/cooljewels\/wp-json\/wp\/v2\/product"}],"about":[{"href":"https:\/\/camilaherreracr.com\/cooljewels\/wp-json\/wp\/v2\/types\/product"}],"wp:featuredmedia":[{"embeddable":true,"href":"https:\/\/camilaherreracr.com\/cooljewels\/wp-json\/wp\/v2\/media\/6476"}],"wp:attachment":[{"href":"https:\/\/camilaherreracr.com\/cooljewels\/wp-json\/wp\/v2\/media?parent=6333"}],"wp:term":[{"taxonomy":"product_cat","embeddable":true,"href":"https:\/\/camilaherreracr.com\/cooljewels\/wp-json\/wp\/v2\/product_cat?post=6333"},{"taxonomy":"product_tag","embeddable":true,"href":"https:\/\/camilaherreracr.com\/cooljewels\/wp-json\/wp\/v2\/product_tag?post=6333"}],"curies":[{"name":"wp","href":"https:\/\/api.w.org\/{rel}","templated":true}]}}