{"id":6330,"date":"2024-05-07T22:28:42","date_gmt":"2024-05-08T04:28:42","guid":{"rendered":"https:\/\/camilaherreracr.com\/cooljewels\/producto\/felicity\/"},"modified":"2024-05-08T20:56:15","modified_gmt":"2024-05-09T02:56:15","slug":"felicity","status":"publish","type":"product","link":"https:\/\/camilaherreracr.com\/cooljewels\/producto\/felicity\/","title":{"rendered":"Felicity"},"content":{"rendered":"<p>Un collar confeccionado con abalorios y adornado con peque\u00f1as representaciones de caritas felices, logrando as\u00ed una combinaci\u00f3n entre elementos divertidos y llamativos que aportan una singularidad distintiva al accesorio.<\/p>\n","protected":false},"excerpt":{"rendered":"<p>Un collar confeccionado con abalorios y adornado con peque\u00f1as representaciones de caritas felices.<\/p>\n","protected":false},"featured_media":6609,"template":"","meta":{"om_disable_all_campaigns":false,"_monsterinsights_skip_tracking":false,"_monsterinsights_sitenote_active":false,"_monsterinsights_sitenote_note":"","_monsterinsights_sitenote_category":0,"_uf_show_specific_survey":0,"_uf_disable_surveys":false},"product_cat":[160,159,170],"product_tag":[168,156,83,161,157],"aioseo_notices":[],"jetpack_sharing_enabled":true,"_links":{"self":[{"href":"https:\/\/camilaherreracr.com\/cooljewels\/wp-json\/wp\/v2\/product\/6330"}],"collection":[{"href":"https:\/\/camilaherreracr.com\/cooljewels\/wp-json\/wp\/v2\/product"}],"about":[{"href":"https:\/\/camilaherreracr.com\/cooljewels\/wp-json\/wp\/v2\/types\/product"}],"wp:featuredmedia":[{"embeddable":true,"href":"https:\/\/camilaherreracr.com\/cooljewels\/wp-json\/wp\/v2\/media\/6609"}],"wp:attachment":[{"href":"https:\/\/camilaherreracr.com\/cooljewels\/wp-json\/wp\/v2\/media?parent=6330"}],"wp:term":[{"taxonomy":"product_cat","embeddable":true,"href":"https:\/\/camilaherreracr.com\/cooljewels\/wp-json\/wp\/v2\/product_cat?post=6330"},{"taxonomy":"product_tag","embeddable":true,"href":"https:\/\/camilaherreracr.com\/cooljewels\/wp-json\/wp\/v2\/product_tag?post=6330"}],"curies":[{"name":"wp","href":"https:\/\/api.w.org\/{rel}","templated":true}]}}