{"id":6328,"date":"2024-05-07T22:28:42","date_gmt":"2024-05-08T04:28:42","guid":{"rendered":"https:\/\/camilaherreracr.com\/cooljewels\/producto\/eva\/"},"modified":"2024-05-08T20:56:15","modified_gmt":"2024-05-09T02:56:15","slug":"eva","status":"publish","type":"product","link":"https:\/\/camilaherreracr.com\/cooljewels\/producto\/eva\/","title":{"rendered":"Eva"},"content":{"rendered":"<p>Un collar de acero inoxidable, con dijes de peque\u00f1os corazones. La presencia de estos, no solo agrega un toque llamativo, sino que tambi\u00e9n infunde al accesorio un simbolismo rom\u00e1ntico y atemporal.<\/p>\n","protected":false},"excerpt":{"rendered":"<p>Collar de acero inoxidable, adornado con corazones de variados tonos.<\/p>\n","protected":false},"featured_media":6473,"template":"","meta":{"om_disable_all_campaigns":false,"_monsterinsights_skip_tracking":false,"_monsterinsights_sitenote_active":false,"_monsterinsights_sitenote_note":"","_monsterinsights_sitenote_category":0,"_uf_show_specific_survey":0,"_uf_disable_surveys":false},"product_cat":[162,159],"product_tag":[168,156,83,157],"aioseo_notices":[],"jetpack_sharing_enabled":true,"_links":{"self":[{"href":"https:\/\/camilaherreracr.com\/cooljewels\/wp-json\/wp\/v2\/product\/6328"}],"collection":[{"href":"https:\/\/camilaherreracr.com\/cooljewels\/wp-json\/wp\/v2\/product"}],"about":[{"href":"https:\/\/camilaherreracr.com\/cooljewels\/wp-json\/wp\/v2\/types\/product"}],"wp:featuredmedia":[{"embeddable":true,"href":"https:\/\/camilaherreracr.com\/cooljewels\/wp-json\/wp\/v2\/media\/6473"}],"wp:attachment":[{"href":"https:\/\/camilaherreracr.com\/cooljewels\/wp-json\/wp\/v2\/media?parent=6328"}],"wp:term":[{"taxonomy":"product_cat","embeddable":true,"href":"https:\/\/camilaherreracr.com\/cooljewels\/wp-json\/wp\/v2\/product_cat?post=6328"},{"taxonomy":"product_tag","embeddable":true,"href":"https:\/\/camilaherreracr.com\/cooljewels\/wp-json\/wp\/v2\/product_tag?post=6328"}],"curies":[{"name":"wp","href":"https:\/\/api.w.org\/{rel}","templated":true}]}}