{"id":6321,"date":"2024-05-07T22:28:41","date_gmt":"2024-05-08T04:28:41","guid":{"rendered":"https:\/\/camilaherreracr.com\/cooljewels\/producto\/delfina-2\/"},"modified":"2024-05-08T20:56:14","modified_gmt":"2024-05-09T02:56:14","slug":"delfina-2","status":"publish","type":"product","link":"https:\/\/camilaherreracr.com\/cooljewels\/producto\/delfina-2\/","title":{"rendered":"Delfina"},"content":{"rendered":"<p>Un choker playero, con un dije de delf\u00edn. Este accesorio no solo es un toque de brisa marina en tu cuello, sino tambi\u00e9n una invitaci\u00f3n a sumergirte en la moda con un toque l\u00fadico.<\/p>\n","protected":false},"excerpt":{"rendered":"<p>Choker de playa confeccionado con abalorios y un delf\u00edn.<\/p>\n","protected":false},"featured_media":6606,"template":"","meta":{"om_disable_all_campaigns":false,"_monsterinsights_skip_tracking":false,"_monsterinsights_sitenote_active":false,"_monsterinsights_sitenote_note":"","_monsterinsights_sitenote_category":0,"_uf_show_specific_survey":0,"_uf_disable_surveys":false},"product_cat":[160,159,170],"product_tag":[168,156,83,161,157],"aioseo_notices":[],"jetpack_sharing_enabled":true,"_links":{"self":[{"href":"https:\/\/camilaherreracr.com\/cooljewels\/wp-json\/wp\/v2\/product\/6321"}],"collection":[{"href":"https:\/\/camilaherreracr.com\/cooljewels\/wp-json\/wp\/v2\/product"}],"about":[{"href":"https:\/\/camilaherreracr.com\/cooljewels\/wp-json\/wp\/v2\/types\/product"}],"wp:featuredmedia":[{"embeddable":true,"href":"https:\/\/camilaherreracr.com\/cooljewels\/wp-json\/wp\/v2\/media\/6606"}],"wp:attachment":[{"href":"https:\/\/camilaherreracr.com\/cooljewels\/wp-json\/wp\/v2\/media?parent=6321"}],"wp:term":[{"taxonomy":"product_cat","embeddable":true,"href":"https:\/\/camilaherreracr.com\/cooljewels\/wp-json\/wp\/v2\/product_cat?post=6321"},{"taxonomy":"product_tag","embeddable":true,"href":"https:\/\/camilaherreracr.com\/cooljewels\/wp-json\/wp\/v2\/product_tag?post=6321"}],"curies":[{"name":"wp","href":"https:\/\/api.w.org\/{rel}","templated":true}]}}