{"id":6301,"date":"2024-05-07T22:28:36","date_gmt":"2024-05-08T04:28:36","guid":{"rendered":"https:\/\/camilaherreracr.com\/cooljewels\/producto\/boja-set\/"},"modified":"2024-05-08T20:56:13","modified_gmt":"2024-05-09T02:56:13","slug":"boja-set","status":"publish","type":"product","link":"https:\/\/camilaherreracr.com\/cooljewels\/producto\/boja-set\/","title":{"rendered":"Boja set"},"content":{"rendered":"<p>Conjunto compuesto por un collar y pulseras confeccionados con pukas de variados colores, destacando un dije central en forma de coraz\u00f3n. Este conjunto presenta una combinaci\u00f3n crom\u00e1tica vibrante, aportando un toque distintivo, mientras que el dije en forma de coraz\u00f3n a\u00f1ade un elemento simb\u00f3lico y est\u00e9tico a la composici\u00f3n general de las piezas.<\/p>\n","protected":false},"excerpt":{"rendered":"<p>Set de collar y pulseras.<\/p>\n","protected":false},"featured_media":6448,"template":"","meta":{"om_disable_all_campaigns":false,"_monsterinsights_skip_tracking":false,"_monsterinsights_sitenote_active":false,"_monsterinsights_sitenote_note":"","_monsterinsights_sitenote_category":0,"_uf_show_specific_survey":0,"_uf_disable_surveys":false},"product_cat":[167],"product_tag":[156,83,157],"aioseo_notices":[],"jetpack_sharing_enabled":true,"_links":{"self":[{"href":"https:\/\/camilaherreracr.com\/cooljewels\/wp-json\/wp\/v2\/product\/6301"}],"collection":[{"href":"https:\/\/camilaherreracr.com\/cooljewels\/wp-json\/wp\/v2\/product"}],"about":[{"href":"https:\/\/camilaherreracr.com\/cooljewels\/wp-json\/wp\/v2\/types\/product"}],"wp:featuredmedia":[{"embeddable":true,"href":"https:\/\/camilaherreracr.com\/cooljewels\/wp-json\/wp\/v2\/media\/6448"}],"wp:attachment":[{"href":"https:\/\/camilaherreracr.com\/cooljewels\/wp-json\/wp\/v2\/media?parent=6301"}],"wp:term":[{"taxonomy":"product_cat","embeddable":true,"href":"https:\/\/camilaherreracr.com\/cooljewels\/wp-json\/wp\/v2\/product_cat?post=6301"},{"taxonomy":"product_tag","embeddable":true,"href":"https:\/\/camilaherreracr.com\/cooljewels\/wp-json\/wp\/v2\/product_tag?post=6301"}],"curies":[{"name":"wp","href":"https:\/\/api.w.org\/{rel}","templated":true}]}}