{"id":6293,"date":"2024-05-07T22:28:35","date_gmt":"2024-05-08T04:28:35","guid":{"rendered":"https:\/\/camilaherreracr.com\/cooljewels\/producto\/avellana\/"},"modified":"2024-05-08T20:56:13","modified_gmt":"2024-05-09T02:56:13","slug":"avellana","status":"publish","type":"product","link":"https:\/\/camilaherreracr.com\/cooljewels\/producto\/avellana\/","title":{"rendered":"Avellana"},"content":{"rendered":"<p>Un collar de tono dorado confeccionado en acero inoxidable, enriquecido con la presencia de perlas cultivadas y un elegante cierre de estilo marinero.El cierre de dise\u00f1o marinero no solo cumple una funci\u00f3n pr\u00e1ctica, sino que tambi\u00e9n aporta un toque de refinamiento al conjunto, creando una pieza de joyer\u00eda que fusiona la elegancia moderna con la atemporalidad cl\u00e1sica de manera armoniosa.<\/p>\n","protected":false},"excerpt":{"rendered":"<p>Collar con eslabones dorados y perlas cultivadas.<\/p>\n","protected":false},"featured_media":6443,"template":"","meta":{"om_disable_all_campaigns":false,"_monsterinsights_skip_tracking":false,"_monsterinsights_sitenote_active":false,"_monsterinsights_sitenote_note":"","_monsterinsights_sitenote_category":0,"_uf_show_specific_survey":0,"_uf_disable_surveys":false},"product_cat":[162,159],"product_tag":[168,156,83,157],"aioseo_notices":[],"jetpack_sharing_enabled":true,"_links":{"self":[{"href":"https:\/\/camilaherreracr.com\/cooljewels\/wp-json\/wp\/v2\/product\/6293"}],"collection":[{"href":"https:\/\/camilaherreracr.com\/cooljewels\/wp-json\/wp\/v2\/product"}],"about":[{"href":"https:\/\/camilaherreracr.com\/cooljewels\/wp-json\/wp\/v2\/types\/product"}],"wp:featuredmedia":[{"embeddable":true,"href":"https:\/\/camilaherreracr.com\/cooljewels\/wp-json\/wp\/v2\/media\/6443"}],"wp:attachment":[{"href":"https:\/\/camilaherreracr.com\/cooljewels\/wp-json\/wp\/v2\/media?parent=6293"}],"wp:term":[{"taxonomy":"product_cat","embeddable":true,"href":"https:\/\/camilaherreracr.com\/cooljewels\/wp-json\/wp\/v2\/product_cat?post=6293"},{"taxonomy":"product_tag","embeddable":true,"href":"https:\/\/camilaherreracr.com\/cooljewels\/wp-json\/wp\/v2\/product_tag?post=6293"}],"curies":[{"name":"wp","href":"https:\/\/api.w.org\/{rel}","templated":true}]}}