{"id":6292,"date":"2024-05-07T22:28:35","date_gmt":"2024-05-08T04:28:35","guid":{"rendered":"https:\/\/camilaherreracr.com\/cooljewels\/producto\/avana\/"},"modified":"2024-05-11T11:21:10","modified_gmt":"2024-05-11T17:21:10","slug":"avana","status":"publish","type":"product","link":"https:\/\/camilaherreracr.com\/cooljewels\/producto\/avana\/","title":{"rendered":"Avana"},"content":{"rendered":"<p>Un collar que fusiona la cl\u00e1sica sofisticaci\u00f3n de las perlas con los colores de las pukas. Este accesorio va m\u00e1s all\u00e1 al incorporar un toque personalizable, permiti\u00e9ndote a\u00f1adir un dije \u00fanico que refleje tu estilo y personalidad.<\/p>\n","protected":false},"excerpt":{"rendered":"<p>Collar confeccionado con  perlas, pukas y un dije personalizable.<\/p>\n","protected":false},"featured_media":6600,"template":"","meta":{"om_disable_all_campaigns":false,"_monsterinsights_skip_tracking":false,"_monsterinsights_sitenote_active":false,"_monsterinsights_sitenote_note":"","_monsterinsights_sitenote_category":0,"_uf_show_specific_survey":0,"_uf_disable_surveys":false},"product_cat":[160,159,170],"product_tag":[168,156,83,157],"aioseo_notices":[],"jetpack_sharing_enabled":true,"_links":{"self":[{"href":"https:\/\/camilaherreracr.com\/cooljewels\/wp-json\/wp\/v2\/product\/6292"}],"collection":[{"href":"https:\/\/camilaherreracr.com\/cooljewels\/wp-json\/wp\/v2\/product"}],"about":[{"href":"https:\/\/camilaherreracr.com\/cooljewels\/wp-json\/wp\/v2\/types\/product"}],"wp:featuredmedia":[{"embeddable":true,"href":"https:\/\/camilaherreracr.com\/cooljewels\/wp-json\/wp\/v2\/media\/6600"}],"wp:attachment":[{"href":"https:\/\/camilaherreracr.com\/cooljewels\/wp-json\/wp\/v2\/media?parent=6292"}],"wp:term":[{"taxonomy":"product_cat","embeddable":true,"href":"https:\/\/camilaherreracr.com\/cooljewels\/wp-json\/wp\/v2\/product_cat?post=6292"},{"taxonomy":"product_tag","embeddable":true,"href":"https:\/\/camilaherreracr.com\/cooljewels\/wp-json\/wp\/v2\/product_tag?post=6292"}],"curies":[{"name":"wp","href":"https:\/\/api.w.org\/{rel}","templated":true}]}}