{"id":6286,"date":"2024-05-07T22:28:34","date_gmt":"2024-05-08T04:28:34","guid":{"rendered":"https:\/\/camilaherreracr.com\/cooljewels\/producto\/angelina\/"},"modified":"2024-05-08T20:56:12","modified_gmt":"2024-05-09T02:56:12","slug":"angelina","status":"publish","type":"product","link":"https:\/\/camilaherreracr.com\/cooljewels\/producto\/angelina\/","title":{"rendered":"Angelina"},"content":{"rendered":"<p>Este collar doble, dise\u00f1ado con una combinaci\u00f3n encantadora de pukas en tonos pastel, miyukis y perlas, es como una expresi\u00f3n visual de la dulzura y la diversi\u00f3n.<\/p>\n","protected":false},"excerpt":{"rendered":"<p>Doble collar confeccionado con pukas en tonos pastel y perlas.<\/p>\n","protected":false},"featured_media":6739,"template":"","meta":{"om_disable_all_campaigns":false,"_monsterinsights_skip_tracking":false,"_monsterinsights_sitenote_active":false,"_monsterinsights_sitenote_note":"","_monsterinsights_sitenote_category":0,"_uf_show_specific_survey":0,"_uf_disable_surveys":false},"product_cat":[159,167],"product_tag":[168,156,83,157],"aioseo_notices":[],"jetpack_sharing_enabled":true,"_links":{"self":[{"href":"https:\/\/camilaherreracr.com\/cooljewels\/wp-json\/wp\/v2\/product\/6286"}],"collection":[{"href":"https:\/\/camilaherreracr.com\/cooljewels\/wp-json\/wp\/v2\/product"}],"about":[{"href":"https:\/\/camilaherreracr.com\/cooljewels\/wp-json\/wp\/v2\/types\/product"}],"wp:featuredmedia":[{"embeddable":true,"href":"https:\/\/camilaherreracr.com\/cooljewels\/wp-json\/wp\/v2\/media\/6739"}],"wp:attachment":[{"href":"https:\/\/camilaherreracr.com\/cooljewels\/wp-json\/wp\/v2\/media?parent=6286"}],"wp:term":[{"taxonomy":"product_cat","embeddable":true,"href":"https:\/\/camilaherreracr.com\/cooljewels\/wp-json\/wp\/v2\/product_cat?post=6286"},{"taxonomy":"product_tag","embeddable":true,"href":"https:\/\/camilaherreracr.com\/cooljewels\/wp-json\/wp\/v2\/product_tag?post=6286"}],"curies":[{"name":"wp","href":"https:\/\/api.w.org\/{rel}","templated":true}]}}