{"id":6653,"date":"2024-05-08T17:48:13","date_gmt":"2024-05-08T23:48:13","guid":{"rendered":"https:\/\/camilaherreracr.com\/cooljewels\/?page_id=6653"},"modified":"2024-05-08T17:49:46","modified_gmt":"2024-05-08T23:49:46","slug":"mision","status":"publish","type":"page","link":"https:\/\/camilaherreracr.com\/cooljewels\/mision\/","title":{"rendered":"Misi\u00f3n"},"content":{"rendered":"\t\t<div data-elementor-type=\"wp-page\" data-elementor-id=\"6653\" class=\"elementor elementor-6653\">\n\t\t\t\t\t\t\t<div class=\"elementor-element elementor-element-fa3358a e-con-full e-flex e-con e-parent\" data-id=\"fa3358a\" data-element_type=\"container\" data-settings=\"{&quot;content_width&quot;:&quot;full&quot;}\" data-core-v316-plus=\"true\">\n\t\t\t\t<div class=\"elementor-element elementor-element-3a47ec6 elementor-widget elementor-widget-text-editor\" data-id=\"3a47ec6\" data-element_type=\"widget\" data-widget_type=\"text-editor.default\">\n\t\t\t\t<div class=\"elementor-widget-container\">\n\t\t\t<style>\/*! elementor - v3.18.0 - 08-12-2023 *\/\n.elementor-widget-text-editor.elementor-drop-cap-view-stacked .elementor-drop-cap{background-color:#69727d;color:#fff}.elementor-widget-text-editor.elementor-drop-cap-view-framed .elementor-drop-cap{color:#69727d;border:3px solid;background-color:transparent}.elementor-widget-text-editor:not(.elementor-drop-cap-view-default) .elementor-drop-cap{margin-top:8px}.elementor-widget-text-editor:not(.elementor-drop-cap-view-default) .elementor-drop-cap-letter{width:1em;height:1em}.elementor-widget-text-editor .elementor-drop-cap{float:left;text-align:center;line-height:1;font-size:50px}.elementor-widget-text-editor .elementor-drop-cap-letter{display:inline-block}<\/style>\t\t\t\t<p class=\"p1\">Nuestra misi\u00f3n es inspirar y empoderar a las nuevas generaciones a trav\u00e9s de joyer\u00eda \u00fanica y aut\u00e9ntica que refleje su estilo, personalidad y creatividad. Nos esforzamos por crear piezas de joyer\u00eda divertidas y \u00fanicas que no solo sean hermosas, sino tambi\u00e9n significativas. Queremos ser m\u00e1s que una marca de joyer\u00eda, queremos ser un s\u00edmbolo de autoexpresi\u00f3n y confianza para ni\u00f1os y adolescentes en todo el mundo.<\/p>\t\t\t\t\t\t<\/div>\n\t\t\t\t<\/div>\n\t\t\t\t<\/div>\n\t\t\t\t\t\t\t<\/div>\n\t\t","protected":false},"excerpt":{"rendered":"<p>Nuestra misi\u00f3n es inspirar y empoderar a las nuevas generaciones a trav\u00e9s de joyer\u00eda \u00fanica y aut\u00e9ntica que refleje su estilo, personalidad y creatividad. Nos esforzamos por crear piezas de joyer\u00eda divertidas y \u00fanicas que no solo sean hermosas, sino tambi\u00e9n significativas. Queremos ser m\u00e1s que una marca de joyer\u00eda, queremos ser un s\u00edmbolo de [&hellip;]<\/p>\n","protected":false},"author":1,"featured_media":0,"parent":0,"menu_order":0,"comment_status":"closed","ping_status":"closed","template":"","meta":{"om_disable_all_campaigns":false,"_monsterinsights_skip_tracking":false,"_monsterinsights_sitenote_active":false,"_monsterinsights_sitenote_note":"","_monsterinsights_sitenote_category":0,"_uf_show_specific_survey":0,"_uf_disable_surveys":false,"footnotes":""},"aioseo_notices":[],"jetpack_sharing_enabled":true,"_links":{"self":[{"href":"https:\/\/camilaherreracr.com\/cooljewels\/wp-json\/wp\/v2\/pages\/6653"}],"collection":[{"href":"https:\/\/camilaherreracr.com\/cooljewels\/wp-json\/wp\/v2\/pages"}],"about":[{"href":"https:\/\/camilaherreracr.com\/cooljewels\/wp-json\/wp\/v2\/types\/page"}],"author":[{"embeddable":true,"href":"https:\/\/camilaherreracr.com\/cooljewels\/wp-json\/wp\/v2\/users\/1"}],"replies":[{"embeddable":true,"href":"https:\/\/camilaherreracr.com\/cooljewels\/wp-json\/wp\/v2\/comments?post=6653"}],"version-history":[{"count":4,"href":"https:\/\/camilaherreracr.com\/cooljewels\/wp-json\/wp\/v2\/pages\/6653\/revisions"}],"predecessor-version":[{"id":6657,"href":"https:\/\/camilaherreracr.com\/cooljewels\/wp-json\/wp\/v2\/pages\/6653\/revisions\/6657"}],"wp:attachment":[{"href":"https:\/\/camilaherreracr.com\/cooljewels\/wp-json\/wp\/v2\/media?parent=6653"}],"curies":[{"name":"wp","href":"https:\/\/api.w.org\/{rel}","templated":true}]}}