{"id":6641,"date":"2024-05-08T17:39:24","date_gmt":"2024-05-08T23:39:24","guid":{"rendered":"https:\/\/camilaherreracr.com\/cooljewels\/?page_id=6641"},"modified":"2024-05-08T17:40:44","modified_gmt":"2024-05-08T23:40:44","slug":"cambios","status":"publish","type":"page","link":"https:\/\/camilaherreracr.com\/cooljewels\/cambios\/","title":{"rendered":"Cambios"},"content":{"rendered":"\t\t<div data-elementor-type=\"wp-page\" data-elementor-id=\"6641\" class=\"elementor elementor-6641\">\n\t\t\t\t\t\t\t<div class=\"elementor-element elementor-element-dc28802 e-con-full e-flex e-con e-parent\" data-id=\"dc28802\" data-element_type=\"container\" data-settings=\"{&quot;content_width&quot;:&quot;full&quot;}\" data-core-v316-plus=\"true\">\n\t\t\t\t<div class=\"elementor-element elementor-element-6b564f8 elementor-widget elementor-widget-text-editor\" data-id=\"6b564f8\" data-element_type=\"widget\" data-widget_type=\"text-editor.default\">\n\t\t\t\t<div class=\"elementor-widget-container\">\n\t\t\t<style>\/*! elementor - v3.18.0 - 08-12-2023 *\/\n.elementor-widget-text-editor.elementor-drop-cap-view-stacked .elementor-drop-cap{background-color:#69727d;color:#fff}.elementor-widget-text-editor.elementor-drop-cap-view-framed .elementor-drop-cap{color:#69727d;border:3px solid;background-color:transparent}.elementor-widget-text-editor:not(.elementor-drop-cap-view-default) .elementor-drop-cap{margin-top:8px}.elementor-widget-text-editor:not(.elementor-drop-cap-view-default) .elementor-drop-cap-letter{width:1em;height:1em}.elementor-widget-text-editor .elementor-drop-cap{float:left;text-align:center;line-height:1;font-size:50px}.elementor-widget-text-editor .elementor-drop-cap-letter{display:inline-block}<\/style>\t\t\t\t<div class=\"page-container show_breadcrumb_v1\"><div id=\"main-content\" class=\"ts-col-24\"><div id=\"primary\" class=\"site-content\"><article id=\"post-5845\" class=\"post-5845 page type-page status-publish hentry\"><div class=\"elementor elementor-5845\" data-elementor-type=\"wp-page\" data-elementor-id=\"5845\"><div class=\"elementor-element elementor-element-6a249aa e-flex e-con-boxed e-con e-parent\" data-id=\"6a249aa\" data-element_type=\"container\" data-settings=\"{&quot;background_background&quot;:&quot;classic&quot;,&quot;content_width&quot;:&quot;boxed&quot;}\" data-core-v316-plus=\"true\"><div class=\"e-con-inner\"><div class=\"elementor-element elementor-element-66faa3a elementor-widget elementor-widget-text-editor\" data-id=\"66faa3a\" data-element_type=\"widget\" data-widget_type=\"text-editor.default\"><div class=\"elementor-widget-container\"><div class=\"flex-1 overflow-hidden\"><div class=\"react-scroll-to-bottom--css-faebq-79elbk h-full\"><div class=\"react-scroll-to-bottom--css-faebq-1n7m0yu\"><div class=\"flex flex-col text-sm pb-9\"><div class=\"w-full text-token-text-primary\" data-testid=\"conversation-turn-21\"><div class=\"px-4 py-2 justify-center text-base md:gap-6 m-auto\"><div class=\"flex flex-1 text-base mx-auto gap-3 md:px-5 lg:px-1 xl:px-5 md:max-w-3xl lg:max-w-[40rem] xl:max-w-[48rem] group final-completion\"><div class=\"relative flex w-full flex-col agent-turn\"><div class=\"flex-col gap-1 md:gap-3\"><div class=\"flex flex-grow flex-col max-w-full\"><div class=\"min-h-[20px] text-message flex flex-col items-start gap-3 whitespace-pre-wrap break-words [.text-message+&amp;]:mt-5 overflow-x-auto\" data-message-author-role=\"assistant\" data-message-id=\"d94ee82d-c20b-47a5-ad5c-8b0cb2d0552c\"><div class=\"markdown prose w-full break-words dark:prose-invert dark\"><p>Los cambios de art\u00edculos solo se realizan para productos defectuosos o da\u00f1ados. Para proceder con el cambio, es necesario verificar que el producto est\u00e9 defectuoso o da\u00f1ado. Por favor, comun\u00edquese con nosotros al correo electr\u00f3nico\u00a0<a href=\"mailto:info@camilaherrera.com\">info@camilaherrera.com<\/a>\u00a0para iniciar el proceso.<\/p><\/div><\/div><\/div><\/div><\/div><\/div><\/div><\/div><\/div><\/div><\/div><\/div><\/div><\/div><\/div><\/div><\/div><\/article><\/div><\/div><\/div>\t\t\t\t\t\t<\/div>\n\t\t\t\t<\/div>\n\t\t\t\t<\/div>\n\t\t\t\t\t\t\t<\/div>\n\t\t","protected":false},"excerpt":{"rendered":"<p>Los cambios de art\u00edculos solo se realizan para productos defectuosos o da\u00f1ados. Para proceder con el cambio, es necesario verificar que el producto est\u00e9 defectuoso o da\u00f1ado. Por favor, comun\u00edquese con nosotros al correo electr\u00f3nico\u00a0info@camilaherrera.com\u00a0para iniciar el proceso.<\/p>\n","protected":false},"author":1,"featured_media":0,"parent":0,"menu_order":0,"comment_status":"closed","ping_status":"closed","template":"","meta":{"om_disable_all_campaigns":false,"_monsterinsights_skip_tracking":false,"_monsterinsights_sitenote_active":false,"_monsterinsights_sitenote_note":"","_monsterinsights_sitenote_category":0,"_uf_show_specific_survey":0,"_uf_disable_surveys":false,"footnotes":""},"aioseo_notices":[],"jetpack_sharing_enabled":true,"_links":{"self":[{"href":"https:\/\/camilaherreracr.com\/cooljewels\/wp-json\/wp\/v2\/pages\/6641"}],"collection":[{"href":"https:\/\/camilaherreracr.com\/cooljewels\/wp-json\/wp\/v2\/pages"}],"about":[{"href":"https:\/\/camilaherreracr.com\/cooljewels\/wp-json\/wp\/v2\/types\/page"}],"author":[{"embeddable":true,"href":"https:\/\/camilaherreracr.com\/cooljewels\/wp-json\/wp\/v2\/users\/1"}],"replies":[{"embeddable":true,"href":"https:\/\/camilaherreracr.com\/cooljewels\/wp-json\/wp\/v2\/comments?post=6641"}],"version-history":[{"count":4,"href":"https:\/\/camilaherreracr.com\/cooljewels\/wp-json\/wp\/v2\/pages\/6641\/revisions"}],"predecessor-version":[{"id":6645,"href":"https:\/\/camilaherreracr.com\/cooljewels\/wp-json\/wp\/v2\/pages\/6641\/revisions\/6645"}],"wp:attachment":[{"href":"https:\/\/camilaherreracr.com\/cooljewels\/wp-json\/wp\/v2\/media?parent=6641"}],"curies":[{"name":"wp","href":"https:\/\/api.w.org\/{rel}","templated":true}]}}