{"id":6628,"date":"2024-05-08T17:33:53","date_gmt":"2024-05-08T23:33:53","guid":{"rendered":"https:\/\/camilaherreracr.com\/cooljewels\/?page_id=6628"},"modified":"2024-05-08T17:36:15","modified_gmt":"2024-05-08T23:36:15","slug":"metodos-de-pago","status":"publish","type":"page","link":"https:\/\/camilaherreracr.com\/cooljewels\/metodos-de-pago\/","title":{"rendered":"M\u00e9todos de Pago"},"content":{"rendered":"\t\t<div data-elementor-type=\"wp-page\" data-elementor-id=\"6628\" class=\"elementor elementor-6628\">\n\t\t\t\t\t\t\t<div class=\"elementor-element elementor-element-a85c7fa e-con-full e-flex e-con e-parent\" data-id=\"a85c7fa\" data-element_type=\"container\" data-settings=\"{&quot;content_width&quot;:&quot;full&quot;}\" data-core-v316-plus=\"true\">\n\t\t\t\t<div class=\"elementor-element elementor-element-927cd79 elementor-widget elementor-widget-text-editor\" data-id=\"927cd79\" data-element_type=\"widget\" data-widget_type=\"text-editor.default\">\n\t\t\t\t<div class=\"elementor-widget-container\">\n\t\t\t<style>\/*! elementor - v3.18.0 - 08-12-2023 *\/\n.elementor-widget-text-editor.elementor-drop-cap-view-stacked .elementor-drop-cap{background-color:#69727d;color:#fff}.elementor-widget-text-editor.elementor-drop-cap-view-framed .elementor-drop-cap{color:#69727d;border:3px solid;background-color:transparent}.elementor-widget-text-editor:not(.elementor-drop-cap-view-default) .elementor-drop-cap{margin-top:8px}.elementor-widget-text-editor:not(.elementor-drop-cap-view-default) .elementor-drop-cap-letter{width:1em;height:1em}.elementor-widget-text-editor .elementor-drop-cap{float:left;text-align:center;line-height:1;font-size:50px}.elementor-widget-text-editor .elementor-drop-cap-letter{display:inline-block}<\/style>\t\t\t\t<p>Los pagos se pueden realizar mediante transferencia bancaria o por SINPE M\u00f3vil. A continuaci\u00f3n, se detallan los datos para ambas opciones:<\/p><p><strong>Transferencia Bancaria:<\/strong><\/p><ul><li>Banco: Banco Nacional<\/li><li>Cuenta IBAN: CR06015101220010501595<\/li><li>Cuenta Corriente: 200-01-012-050159-3<\/li><li>Titular: Camila de los \u00c1ngeles Herrera Rodr\u00edguez<\/li><li>C\u00e9dula: 208190070<\/li><\/ul><p><strong>SINPE M\u00f3vil:<\/strong><\/p><ul><li>N\u00famero: 85297823<\/li><li>Titular: Camila de los \u00c1ngeles Herrera Rodr\u00edguez<\/li><\/ul><p>Por favor, aseg\u00farese de incluir su nombre y el n\u00famero de pedido en el detalle de la transferencia para facilitar la identificaci\u00f3n del pago.<\/p>\t\t\t\t\t\t<\/div>\n\t\t\t\t<\/div>\n\t\t\t\t<\/div>\n\t\t\t\t\t\t\t<\/div>\n\t\t","protected":false},"excerpt":{"rendered":"<p>Los pagos se pueden realizar mediante transferencia bancaria o por SINPE M\u00f3vil. A continuaci\u00f3n, se detallan los datos para ambas opciones: Transferencia Bancaria: Banco: Banco Nacional Cuenta IBAN: CR06015101220010501595 Cuenta Corriente: 200-01-012-050159-3 Titular: Camila de los \u00c1ngeles Herrera Rodr\u00edguez C\u00e9dula: 208190070 SINPE M\u00f3vil: N\u00famero: 85297823 Titular: Camila de los \u00c1ngeles Herrera Rodr\u00edguez Por favor, aseg\u00farese [&hellip;]<\/p>\n","protected":false},"author":1,"featured_media":0,"parent":0,"menu_order":0,"comment_status":"closed","ping_status":"closed","template":"","meta":{"om_disable_all_campaigns":false,"_monsterinsights_skip_tracking":false,"_monsterinsights_sitenote_active":false,"_monsterinsights_sitenote_note":"","_monsterinsights_sitenote_category":0,"_uf_show_specific_survey":0,"_uf_disable_surveys":false,"footnotes":""},"aioseo_notices":[],"jetpack_sharing_enabled":true,"_links":{"self":[{"href":"https:\/\/camilaherreracr.com\/cooljewels\/wp-json\/wp\/v2\/pages\/6628"}],"collection":[{"href":"https:\/\/camilaherreracr.com\/cooljewels\/wp-json\/wp\/v2\/pages"}],"about":[{"href":"https:\/\/camilaherreracr.com\/cooljewels\/wp-json\/wp\/v2\/types\/page"}],"author":[{"embeddable":true,"href":"https:\/\/camilaherreracr.com\/cooljewels\/wp-json\/wp\/v2\/users\/1"}],"replies":[{"embeddable":true,"href":"https:\/\/camilaherreracr.com\/cooljewels\/wp-json\/wp\/v2\/comments?post=6628"}],"version-history":[{"count":7,"href":"https:\/\/camilaherreracr.com\/cooljewels\/wp-json\/wp\/v2\/pages\/6628\/revisions"}],"predecessor-version":[{"id":6635,"href":"https:\/\/camilaherreracr.com\/cooljewels\/wp-json\/wp\/v2\/pages\/6628\/revisions\/6635"}],"wp:attachment":[{"href":"https:\/\/camilaherreracr.com\/cooljewels\/wp-json\/wp\/v2\/media?parent=6628"}],"curies":[{"name":"wp","href":"https:\/\/api.w.org\/{rel}","templated":true}]}}