{"id":6624,"date":"2024-05-08T17:27:19","date_gmt":"2024-05-08T23:27:19","guid":{"rendered":"https:\/\/camilaherreracr.com\/cooljewels\/?page_id=6624"},"modified":"2024-05-08T17:33:29","modified_gmt":"2024-05-08T23:33:29","slug":"metodos-de-envio","status":"publish","type":"page","link":"https:\/\/camilaherreracr.com\/cooljewels\/metodos-de-envio\/","title":{"rendered":"M\u00e9todos de Env\u00edo"},"content":{"rendered":"\t\t<div data-elementor-type=\"wp-page\" data-elementor-id=\"6624\" class=\"elementor elementor-6624\">\n\t\t\t\t\t\t\t<div class=\"elementor-element elementor-element-675272e e-con-full e-flex e-con e-parent\" data-id=\"675272e\" data-element_type=\"container\" data-settings=\"{&quot;content_width&quot;:&quot;full&quot;}\" data-core-v316-plus=\"true\">\n\t\t\t\t<div class=\"elementor-element elementor-element-7d39c1a elementor-widget elementor-widget-text-editor\" data-id=\"7d39c1a\" data-element_type=\"widget\" data-widget_type=\"text-editor.default\">\n\t\t\t\t<div class=\"elementor-widget-container\">\n\t\t\t<style>\/*! elementor - v3.18.0 - 08-12-2023 *\/\n.elementor-widget-text-editor.elementor-drop-cap-view-stacked .elementor-drop-cap{background-color:#69727d;color:#fff}.elementor-widget-text-editor.elementor-drop-cap-view-framed .elementor-drop-cap{color:#69727d;border:3px solid;background-color:transparent}.elementor-widget-text-editor:not(.elementor-drop-cap-view-default) .elementor-drop-cap{margin-top:8px}.elementor-widget-text-editor:not(.elementor-drop-cap-view-default) .elementor-drop-cap-letter{width:1em;height:1em}.elementor-widget-text-editor .elementor-drop-cap{float:left;text-align:center;line-height:1;font-size:50px}.elementor-widget-text-editor .elementor-drop-cap-letter{display:inline-block}<\/style>\t\t\t\t<p>Los env\u00edos se realizar\u00e1n por medio de Costa Rica. Se cobrar\u00e1n 3500 colones adicionales al precio del producto para cubrir con los gastos del env\u00edo.<\/p><ul><li>Los env\u00edos fuera del Gran \u00c1rea Metropolitana ser\u00e1n entregados a los clientes en un plazo entre 3 a 4 d\u00edas h\u00e1biles. Cabe destacar que el tiempo de entrega depende de Correos de Costa Rica, si el cliente no estuviera presente en el momento de la entrega, se aplicar\u00e1n las pol\u00edticas de entrega de Correos de Costa Rica.<\/li><li>El cliente debe proporcionar de manera espec\u00edfica cuando est\u00e1 realizando la compra, la direcci\u00f3n de entrega con cant\u00f3n y distrito, su n\u00famero de tel\u00e9fono, nombre completo y correo electr\u00f3nico, para poder realizar la entrega del pedido.<\/li><li>Los env\u00edos se hacen por medio de Correos de Costa Rica a la direcci\u00f3n que el cliente indique. Correos de Costa Rica tarda aproximadamente dos d\u00edas h\u00e1biles para hacer la entrega. Correos devuelve el paquete en caso de no lograr contactar con la persona a la que se le entregar\u00e1 el paquete por causa de un error en la direcci\u00f3n o por falta de disponibilidad, despu\u00e9s de intentar realizar la entrega mediante dos intentos en horas laborales de lunes a viernes.<\/li><\/ul>\t\t\t\t\t\t<\/div>\n\t\t\t\t<\/div>\n\t\t\t\t<\/div>\n\t\t\t\t\t\t\t<\/div>\n\t\t","protected":false},"excerpt":{"rendered":"<p>Los env\u00edos se realizar\u00e1n por medio de Costa Rica. Se cobrar\u00e1n 3500 colones adicionales al precio del producto para cubrir con los gastos del env\u00edo. Los env\u00edos fuera del Gran \u00c1rea Metropolitana ser\u00e1n entregados a los clientes en un plazo entre 3 a 4 d\u00edas h\u00e1biles. Cabe destacar que el tiempo de entrega depende de [&hellip;]<\/p>\n","protected":false},"author":2,"featured_media":0,"parent":0,"menu_order":0,"comment_status":"closed","ping_status":"closed","template":"","meta":{"om_disable_all_campaigns":false,"_monsterinsights_skip_tracking":false,"_monsterinsights_sitenote_active":false,"_monsterinsights_sitenote_note":"","_monsterinsights_sitenote_category":0,"_uf_show_specific_survey":0,"_uf_disable_surveys":false,"footnotes":""},"aioseo_notices":[],"jetpack_sharing_enabled":true,"_links":{"self":[{"href":"https:\/\/camilaherreracr.com\/cooljewels\/wp-json\/wp\/v2\/pages\/6624"}],"collection":[{"href":"https:\/\/camilaherreracr.com\/cooljewels\/wp-json\/wp\/v2\/pages"}],"about":[{"href":"https:\/\/camilaherreracr.com\/cooljewels\/wp-json\/wp\/v2\/types\/page"}],"author":[{"embeddable":true,"href":"https:\/\/camilaherreracr.com\/cooljewels\/wp-json\/wp\/v2\/users\/2"}],"replies":[{"embeddable":true,"href":"https:\/\/camilaherreracr.com\/cooljewels\/wp-json\/wp\/v2\/comments?post=6624"}],"version-history":[{"count":3,"href":"https:\/\/camilaherreracr.com\/cooljewels\/wp-json\/wp\/v2\/pages\/6624\/revisions"}],"predecessor-version":[{"id":6627,"href":"https:\/\/camilaherreracr.com\/cooljewels\/wp-json\/wp\/v2\/pages\/6624\/revisions\/6627"}],"wp:attachment":[{"href":"https:\/\/camilaherreracr.com\/cooljewels\/wp-json\/wp\/v2\/media?parent=6624"}],"curies":[{"name":"wp","href":"https:\/\/api.w.org\/{rel}","templated":true}]}}