{"id":9929,"date":"2024-06-17T16:01:11","date_gmt":"2024-06-17T22:01:11","guid":{"rendered":"https:\/\/camilaherreracr.com\/artdesigns?post_type=product&#038;p=9929"},"modified":"2025-11-03T12:39:47","modified_gmt":"2025-11-03T18:39:47","slug":"antonieta","status":"publish","type":"product","link":"https:\/\/camilaherreracr.com\/artdesigns\/producto\/antonieta\/","title":{"rendered":"Antonieta"},"content":{"rendered":"<p>Tocado estilo tiara, eleborado con perlas y flores acr\u00edlicas. Puede optar por comunicarse con el n\u00famero 85297823 para confirmar la fecha de entrega con respecto a la boda, o bien aguardar a que la dise\u00f1adora se ponga en contacto con usted para afinar los detalles personalizados de su pedido.<\/p>\n","protected":false},"excerpt":{"rendered":"<p>Tocado de bodas estilo enredadera de flores y perlas.<\/p>\n","protected":false},"featured_media":9930,"comment_status":"closed","ping_status":"closed","template":"","meta":{"om_disable_all_campaigns":false,"_monsterinsights_skip_tracking":false,"_monsterinsights_sitenote_active":false,"_monsterinsights_sitenote_note":"","_monsterinsights_sitenote_category":0,"_uf_show_specific_survey":0,"_uf_disable_surveys":false},"product_cat":[228],"product_tag":[],"aioseo_notices":[],"jetpack_sharing_enabled":true,"_links":{"self":[{"href":"https:\/\/camilaherreracr.com\/artdesigns\/wp-json\/wp\/v2\/product\/9929"}],"collection":[{"href":"https:\/\/camilaherreracr.com\/artdesigns\/wp-json\/wp\/v2\/product"}],"about":[{"href":"https:\/\/camilaherreracr.com\/artdesigns\/wp-json\/wp\/v2\/types\/product"}],"replies":[{"embeddable":true,"href":"https:\/\/camilaherreracr.com\/artdesigns\/wp-json\/wp\/v2\/comments?post=9929"}],"version-history":[{"count":2,"href":"https:\/\/camilaherreracr.com\/artdesigns\/wp-json\/wp\/v2\/product\/9929\/revisions"}],"predecessor-version":[{"id":10002,"href":"https:\/\/camilaherreracr.com\/artdesigns\/wp-json\/wp\/v2\/product\/9929\/revisions\/10002"}],"wp:featuredmedia":[{"embeddable":true,"href":"https:\/\/camilaherreracr.com\/artdesigns\/wp-json\/wp\/v2\/media\/9930"}],"wp:attachment":[{"href":"https:\/\/camilaherreracr.com\/artdesigns\/wp-json\/wp\/v2\/media?parent=9929"}],"wp:term":[{"taxonomy":"product_cat","embeddable":true,"href":"https:\/\/camilaherreracr.com\/artdesigns\/wp-json\/wp\/v2\/product_cat?post=9929"},{"taxonomy":"product_tag","embeddable":true,"href":"https:\/\/camilaherreracr.com\/artdesigns\/wp-json\/wp\/v2\/product_tag?post=9929"}],"curies":[{"name":"wp","href":"https:\/\/api.w.org\/{rel}","templated":true}]}}