{"id":9842,"date":"2024-05-13T19:18:22","date_gmt":"2024-05-14T01:18:22","guid":{"rendered":"https:\/\/camilaherreracr.com\/artdesigns?post_type=product&#038;p=9842"},"modified":"2025-11-03T14:00:10","modified_gmt":"2025-11-03T20:00:10","slug":"aurora-3","status":"publish","type":"product","link":"https:\/\/camilaherreracr.com\/artdesigns\/producto\/aurora-3\/","title":{"rendered":"Aurora"},"content":{"rendered":"<p>Cada perla, meticulosamente colocada, imita los p\u00e9talos de una flor con una precisi\u00f3n art\u00edstica, creando una pieza de belleza et\u00e9rea y delicada. La disposici\u00f3n de las perlas evoca la elegancia natural de una flor en plena floraci\u00f3n, a\u00f1adiendo un toque de gracia y feminidad al tocado. Esta meticulosa t\u00e9cnica de bordado no solo realza la belleza de las perlas, sino que tambi\u00e9n confiere una sensaci\u00f3n de lujo y refinamiento al dise\u00f1o. IMPORTANTE: Puede optar por comunicarse con el n\u00famero 85297823 para confirmar la fecha de entrega con respecto a la boda, o bien aguardar a que la dise\u00f1adora se ponga en contacto con usted para afinar los detalles personalizados de su pedido.<\/p>\n","protected":false},"excerpt":{"rendered":"<p>Tocado de bodas.<\/p>\n","protected":false},"featured_media":9846,"comment_status":"closed","ping_status":"closed","template":"","meta":{"om_disable_all_campaigns":false,"_monsterinsights_skip_tracking":false,"_monsterinsights_sitenote_active":false,"_monsterinsights_sitenote_note":"","_monsterinsights_sitenote_category":0,"_uf_show_specific_survey":0,"_uf_disable_surveys":false},"product_cat":[227,58],"product_tag":[],"aioseo_notices":[],"jetpack_sharing_enabled":true,"_links":{"self":[{"href":"https:\/\/camilaherreracr.com\/artdesigns\/wp-json\/wp\/v2\/product\/9842"}],"collection":[{"href":"https:\/\/camilaherreracr.com\/artdesigns\/wp-json\/wp\/v2\/product"}],"about":[{"href":"https:\/\/camilaherreracr.com\/artdesigns\/wp-json\/wp\/v2\/types\/product"}],"replies":[{"embeddable":true,"href":"https:\/\/camilaherreracr.com\/artdesigns\/wp-json\/wp\/v2\/comments?post=9842"}],"version-history":[{"count":1,"href":"https:\/\/camilaherreracr.com\/artdesigns\/wp-json\/wp\/v2\/product\/9842\/revisions"}],"predecessor-version":[{"id":9845,"href":"https:\/\/camilaherreracr.com\/artdesigns\/wp-json\/wp\/v2\/product\/9842\/revisions\/9845"}],"wp:featuredmedia":[{"embeddable":true,"href":"https:\/\/camilaherreracr.com\/artdesigns\/wp-json\/wp\/v2\/media\/9846"}],"wp:attachment":[{"href":"https:\/\/camilaherreracr.com\/artdesigns\/wp-json\/wp\/v2\/media?parent=9842"}],"wp:term":[{"taxonomy":"product_cat","embeddable":true,"href":"https:\/\/camilaherreracr.com\/artdesigns\/wp-json\/wp\/v2\/product_cat?post=9842"},{"taxonomy":"product_tag","embeddable":true,"href":"https:\/\/camilaherreracr.com\/artdesigns\/wp-json\/wp\/v2\/product_tag?post=9842"}],"curies":[{"name":"wp","href":"https:\/\/api.w.org\/{rel}","templated":true}]}}