{"id":9836,"date":"2024-05-13T18:58:27","date_gmt":"2024-05-14T00:58:27","guid":{"rendered":"https:\/\/camilaherreracr.com\/artdesigns?post_type=product&#038;p=9836"},"modified":"2025-10-27T21:27:23","modified_gmt":"2025-10-28T03:27:23","slug":"zephyr","status":"publish","type":"product","link":"https:\/\/camilaherreracr.com\/artdesigns\/producto\/zephyr\/","title":{"rendered":"Blaze"},"content":{"rendered":"<p>Este tocado, que fusiona la luminosidad de los cristales con el clasicismo de las perlas, irradia una elegancia innegable. Cada cristal destella con un brillo deslumbrante, mientras que las perlas aportan un toque de sofisticaci\u00f3n atemporal.\u00a0 Su elegancia et\u00e9rea lo convierte en el complemento perfecto para ocasiones especiales, agregando un toque de distinci\u00f3n y refinamiento a la apariencia de la persona que lo porta.IMPORTANTE: Puede optar por comunicarse con el n\u00famero 85297823 para confirmar la fecha de entrega con respecto a la boda, o bien aguardar a que la dise\u00f1adora se ponga en contacto con usted para afinar los detalles personalizados de su pedido.<\/p>\n","protected":false},"excerpt":{"rendered":"<p>Tocado de novia.<\/p>\n","protected":false},"featured_media":10087,"comment_status":"closed","ping_status":"closed","template":"","meta":{"om_disable_all_campaigns":false,"_monsterinsights_skip_tracking":false,"_monsterinsights_sitenote_active":false,"_monsterinsights_sitenote_note":"","_monsterinsights_sitenote_category":0,"_uf_show_specific_survey":0,"_uf_disable_surveys":false},"product_cat":[228],"product_tag":[],"aioseo_notices":[],"jetpack_sharing_enabled":true,"_links":{"self":[{"href":"https:\/\/camilaherreracr.com\/artdesigns\/wp-json\/wp\/v2\/product\/9836"}],"collection":[{"href":"https:\/\/camilaherreracr.com\/artdesigns\/wp-json\/wp\/v2\/product"}],"about":[{"href":"https:\/\/camilaherreracr.com\/artdesigns\/wp-json\/wp\/v2\/types\/product"}],"replies":[{"embeddable":true,"href":"https:\/\/camilaherreracr.com\/artdesigns\/wp-json\/wp\/v2\/comments?post=9836"}],"version-history":[{"count":3,"href":"https:\/\/camilaherreracr.com\/artdesigns\/wp-json\/wp\/v2\/product\/9836\/revisions"}],"predecessor-version":[{"id":10459,"href":"https:\/\/camilaherreracr.com\/artdesigns\/wp-json\/wp\/v2\/product\/9836\/revisions\/10459"}],"wp:featuredmedia":[{"embeddable":true,"href":"https:\/\/camilaherreracr.com\/artdesigns\/wp-json\/wp\/v2\/media\/10087"}],"wp:attachment":[{"href":"https:\/\/camilaherreracr.com\/artdesigns\/wp-json\/wp\/v2\/media?parent=9836"}],"wp:term":[{"taxonomy":"product_cat","embeddable":true,"href":"https:\/\/camilaherreracr.com\/artdesigns\/wp-json\/wp\/v2\/product_cat?post=9836"},{"taxonomy":"product_tag","embeddable":true,"href":"https:\/\/camilaherreracr.com\/artdesigns\/wp-json\/wp\/v2\/product_tag?post=9836"}],"curies":[{"name":"wp","href":"https:\/\/api.w.org\/{rel}","templated":true}]}}