{"id":9826,"date":"2024-05-13T18:38:41","date_gmt":"2024-05-14T00:38:41","guid":{"rendered":"https:\/\/camilaherreracr.com\/artdesigns?post_type=product&#038;p=9826"},"modified":"2025-11-03T13:30:16","modified_gmt":"2025-11-03T19:30:16","slug":"willow","status":"publish","type":"product","link":"https:\/\/camilaherreracr.com\/artdesigns\/producto\/willow\/","title":{"rendered":"Julieta"},"content":{"rendered":"<p>Este tocado fusiona la opulencia de los cristales con la delicadeza de las hojas doradas, creando una pieza de refinada elegancia y encanto.\u00a0 Este tocado, m\u00e1s all\u00e1 de su funci\u00f3n ornamental, se convierte en una declaraci\u00f3n de estilo, realzando la presencia de quien lo lleva con su brillo radiante y su meticulosa artesan\u00eda. IMPORTANTE: Puede optar por llamar al n\u00famero 85297823 para confirmar la fecha de entrega con respecto a su d\u00eda especial, o bien aguardar a que la dise\u00f1adora se ponga en contacto con usted para afinar los detalles personalizados de su pedido.<\/p>\n","protected":false},"excerpt":{"rendered":"<p>Tocado de novia.<\/p>\n","protected":false},"featured_media":9969,"comment_status":"closed","ping_status":"closed","template":"","meta":{"om_disable_all_campaigns":false,"_monsterinsights_skip_tracking":false,"_monsterinsights_sitenote_active":false,"_monsterinsights_sitenote_note":"","_monsterinsights_sitenote_category":0,"_uf_show_specific_survey":0,"_uf_disable_surveys":false},"product_cat":[228],"product_tag":[],"aioseo_notices":[],"jetpack_sharing_enabled":true,"_links":{"self":[{"href":"https:\/\/camilaherreracr.com\/artdesigns\/wp-json\/wp\/v2\/product\/9826"}],"collection":[{"href":"https:\/\/camilaherreracr.com\/artdesigns\/wp-json\/wp\/v2\/product"}],"about":[{"href":"https:\/\/camilaherreracr.com\/artdesigns\/wp-json\/wp\/v2\/types\/product"}],"replies":[{"embeddable":true,"href":"https:\/\/camilaherreracr.com\/artdesigns\/wp-json\/wp\/v2\/comments?post=9826"}],"version-history":[{"count":2,"href":"https:\/\/camilaherreracr.com\/artdesigns\/wp-json\/wp\/v2\/product\/9826\/revisions"}],"predecessor-version":[{"id":10396,"href":"https:\/\/camilaherreracr.com\/artdesigns\/wp-json\/wp\/v2\/product\/9826\/revisions\/10396"}],"wp:featuredmedia":[{"embeddable":true,"href":"https:\/\/camilaherreracr.com\/artdesigns\/wp-json\/wp\/v2\/media\/9969"}],"wp:attachment":[{"href":"https:\/\/camilaherreracr.com\/artdesigns\/wp-json\/wp\/v2\/media?parent=9826"}],"wp:term":[{"taxonomy":"product_cat","embeddable":true,"href":"https:\/\/camilaherreracr.com\/artdesigns\/wp-json\/wp\/v2\/product_cat?post=9826"},{"taxonomy":"product_tag","embeddable":true,"href":"https:\/\/camilaherreracr.com\/artdesigns\/wp-json\/wp\/v2\/product_tag?post=9826"}],"curies":[{"name":"wp","href":"https:\/\/api.w.org\/{rel}","templated":true}]}}