{"id":9808,"date":"2024-05-13T17:45:46","date_gmt":"2024-05-13T23:45:46","guid":{"rendered":"https:\/\/camilaherreracr.com\/artdesigns?post_type=product&#038;p=9808"},"modified":"2025-11-03T13:17:46","modified_gmt":"2025-11-03T19:17:46","slug":"ivy","status":"publish","type":"product","link":"https:\/\/camilaherreracr.com\/artdesigns\/producto\/ivy\/","title":{"rendered":"Ivy"},"content":{"rendered":"<p>Este tocado, dise\u00f1ado en forma de tiara, presenta una elegancia atemporal con su exquisita combinaci\u00f3n de hojas y perlas. Este accesorio se convierte en una declaraci\u00f3n de estilo, complementando a la perfecci\u00f3n el atuendo de cualquier ocasi\u00f3n especial con su encanto et\u00e9reo y su belleza refinada. IMPORTANTE: Puede optar por llamar al n\u00famero 85297823 para confirmar la fecha de entrega con respecto a su d\u00eda especial, o bien aguardar a que la dise\u00f1adora se ponga en contacto con usted para afinar los detalles personalizados de su pedido.<\/p>\n","protected":false},"excerpt":{"rendered":"<p>Tocado de novia.<\/p>\n","protected":false},"featured_media":9809,"comment_status":"closed","ping_status":"closed","template":"","meta":{"om_disable_all_campaigns":false,"_monsterinsights_skip_tracking":false,"_monsterinsights_sitenote_active":false,"_monsterinsights_sitenote_note":"","_monsterinsights_sitenote_category":0,"_uf_show_specific_survey":0,"_uf_disable_surveys":false},"product_cat":[228],"product_tag":[],"aioseo_notices":[],"jetpack_sharing_enabled":true,"_links":{"self":[{"href":"https:\/\/camilaherreracr.com\/artdesigns\/wp-json\/wp\/v2\/product\/9808"}],"collection":[{"href":"https:\/\/camilaherreracr.com\/artdesigns\/wp-json\/wp\/v2\/product"}],"about":[{"href":"https:\/\/camilaherreracr.com\/artdesigns\/wp-json\/wp\/v2\/types\/product"}],"replies":[{"embeddable":true,"href":"https:\/\/camilaherreracr.com\/artdesigns\/wp-json\/wp\/v2\/comments?post=9808"}],"version-history":[{"count":2,"href":"https:\/\/camilaherreracr.com\/artdesigns\/wp-json\/wp\/v2\/product\/9808\/revisions"}],"predecessor-version":[{"id":9812,"href":"https:\/\/camilaherreracr.com\/artdesigns\/wp-json\/wp\/v2\/product\/9808\/revisions\/9812"}],"wp:featuredmedia":[{"embeddable":true,"href":"https:\/\/camilaherreracr.com\/artdesigns\/wp-json\/wp\/v2\/media\/9809"}],"wp:attachment":[{"href":"https:\/\/camilaherreracr.com\/artdesigns\/wp-json\/wp\/v2\/media?parent=9808"}],"wp:term":[{"taxonomy":"product_cat","embeddable":true,"href":"https:\/\/camilaherreracr.com\/artdesigns\/wp-json\/wp\/v2\/product_cat?post=9808"},{"taxonomy":"product_tag","embeddable":true,"href":"https:\/\/camilaherreracr.com\/artdesigns\/wp-json\/wp\/v2\/product_tag?post=9808"}],"curies":[{"name":"wp","href":"https:\/\/api.w.org\/{rel}","templated":true}]}}