{"id":9444,"date":"2024-02-22T23:28:18","date_gmt":"2024-02-23T05:28:18","guid":{"rendered":"https:\/\/camilaherreracr.com\/artdesignsproducto\/terra\/"},"modified":"2024-08-16T08:24:33","modified_gmt":"2024-08-16T14:24:33","slug":"terra","status":"publish","type":"product","link":"https:\/\/camilaherreracr.com\/artdesigns\/producto\/terra\/","title":{"rendered":"Terra"},"content":{"rendered":"<p>Un collar compuesto por piedras naturales en tonos tierra que destacan por su autenticidad y belleza intr\u00ednseca. Este accesorio resalta la genuinidad de las piedras naturales, ofreciendo una pieza de joyer\u00eda que refleja la belleza \u00fanica y atemporal de la naturaleza. Cada piedra contribuye a la singularidad y sofisticaci\u00f3n del collar, creando un adorno que captura la esencia de la conexi\u00f3n entre la moda y la naturaleza con distinci\u00f3n y elegancia.<\/p>\n","protected":false},"excerpt":{"rendered":"<p>Collar de piedras naturales.<\/p>\n","protected":false},"featured_media":9442,"comment_status":"closed","ping_status":"closed","template":"","meta":{"om_disable_all_campaigns":false,"_monsterinsights_skip_tracking":false,"_monsterinsights_sitenote_active":false,"_monsterinsights_sitenote_note":"","_monsterinsights_sitenote_category":0,"_uf_show_specific_survey":0,"_uf_disable_surveys":false},"product_cat":[205],"product_tag":[186],"aioseo_notices":[],"jetpack_sharing_enabled":true,"_links":{"self":[{"href":"https:\/\/camilaherreracr.com\/artdesigns\/wp-json\/wp\/v2\/product\/9444"}],"collection":[{"href":"https:\/\/camilaherreracr.com\/artdesigns\/wp-json\/wp\/v2\/product"}],"about":[{"href":"https:\/\/camilaherreracr.com\/artdesigns\/wp-json\/wp\/v2\/types\/product"}],"replies":[{"embeddable":true,"href":"https:\/\/camilaherreracr.com\/artdesigns\/wp-json\/wp\/v2\/comments?post=9444"}],"version-history":[{"count":1,"href":"https:\/\/camilaherreracr.com\/artdesigns\/wp-json\/wp\/v2\/product\/9444\/revisions"}],"predecessor-version":[{"id":10200,"href":"https:\/\/camilaherreracr.com\/artdesigns\/wp-json\/wp\/v2\/product\/9444\/revisions\/10200"}],"wp:featuredmedia":[{"embeddable":true,"href":"https:\/\/camilaherreracr.com\/artdesigns\/wp-json\/wp\/v2\/media\/9442"}],"wp:attachment":[{"href":"https:\/\/camilaherreracr.com\/artdesigns\/wp-json\/wp\/v2\/media?parent=9444"}],"wp:term":[{"taxonomy":"product_cat","embeddable":true,"href":"https:\/\/camilaherreracr.com\/artdesigns\/wp-json\/wp\/v2\/product_cat?post=9444"},{"taxonomy":"product_tag","embeddable":true,"href":"https:\/\/camilaherreracr.com\/artdesigns\/wp-json\/wp\/v2\/product_tag?post=9444"}],"curies":[{"name":"wp","href":"https:\/\/api.w.org\/{rel}","templated":true}]}}