{"id":9435,"date":"2024-02-22T23:27:45","date_gmt":"2024-02-23T05:27:45","guid":{"rendered":"https:\/\/camilaherreracr.com\/artdesignsproducto\/sunnfun\/"},"modified":"2024-06-18T09:08:23","modified_gmt":"2024-06-18T15:08:23","slug":"sunnfun","status":"publish","type":"product","link":"https:\/\/camilaherreracr.com\/artdesigns\/producto\/sunnfun\/","title":{"rendered":"Sunnfun"},"content":{"rendered":"<p>Aretes peque\u00f1os dorados de oro laminado de 18 k con dise\u00f1o de flor y con p\u00e9talos de zirconias.<\/p>\n","protected":false},"excerpt":{"rendered":"<p>Aretes dorados de oro laminado de 18 k.<\/p>\n","protected":false},"featured_media":9434,"comment_status":"closed","ping_status":"closed","template":"","meta":{"om_disable_all_campaigns":false,"_monsterinsights_skip_tracking":false,"_monsterinsights_sitenote_active":false,"_monsterinsights_sitenote_note":"","_monsterinsights_sitenote_category":0,"_uf_show_specific_survey":0,"_uf_disable_surveys":false},"product_cat":[32],"product_tag":[183,181,182],"aioseo_notices":[],"jetpack_sharing_enabled":true,"_links":{"self":[{"href":"https:\/\/camilaherreracr.com\/artdesigns\/wp-json\/wp\/v2\/product\/9435"}],"collection":[{"href":"https:\/\/camilaherreracr.com\/artdesigns\/wp-json\/wp\/v2\/product"}],"about":[{"href":"https:\/\/camilaherreracr.com\/artdesigns\/wp-json\/wp\/v2\/types\/product"}],"replies":[{"embeddable":true,"href":"https:\/\/camilaherreracr.com\/artdesigns\/wp-json\/wp\/v2\/comments?post=9435"}],"version-history":[{"count":1,"href":"https:\/\/camilaherreracr.com\/artdesigns\/wp-json\/wp\/v2\/product\/9435\/revisions"}],"predecessor-version":[{"id":9943,"href":"https:\/\/camilaherreracr.com\/artdesigns\/wp-json\/wp\/v2\/product\/9435\/revisions\/9943"}],"wp:featuredmedia":[{"embeddable":true,"href":"https:\/\/camilaherreracr.com\/artdesigns\/wp-json\/wp\/v2\/media\/9434"}],"wp:attachment":[{"href":"https:\/\/camilaherreracr.com\/artdesigns\/wp-json\/wp\/v2\/media?parent=9435"}],"wp:term":[{"taxonomy":"product_cat","embeddable":true,"href":"https:\/\/camilaherreracr.com\/artdesigns\/wp-json\/wp\/v2\/product_cat?post=9435"},{"taxonomy":"product_tag","embeddable":true,"href":"https:\/\/camilaherreracr.com\/artdesigns\/wp-json\/wp\/v2\/product_tag?post=9435"}],"curies":[{"name":"wp","href":"https:\/\/api.w.org\/{rel}","templated":true}]}}