{"id":9409,"date":"2024-02-22T23:25:55","date_gmt":"2024-02-23T05:25:55","guid":{"rendered":"https:\/\/camilaherreracr.com\/artdesignsproducto\/salinas\/"},"modified":"2024-08-16T08:24:34","modified_gmt":"2024-08-16T14:24:34","slug":"salinas","status":"publish","type":"product","link":"https:\/\/camilaherreracr.com\/artdesigns\/producto\/salinas\/","title":{"rendered":"Salinas"},"content":{"rendered":"<p>Un collar compuesto por cristales en colores pasteles y perlas cultivadas. Este accesorio, refleja la atenci\u00f3n al detalle y la est\u00e9tica, destac\u00e1ndose como una pieza de joyer\u00eda \u00fanica y delicada.<\/p>\n","protected":false},"excerpt":{"rendered":"<p>Collar confeccionado de cristales en tonos pastel y perlas cultivadas.<\/p>\n","protected":false},"featured_media":9407,"comment_status":"closed","ping_status":"closed","template":"","meta":{"om_disable_all_campaigns":false,"_monsterinsights_skip_tracking":false,"_monsterinsights_sitenote_active":false,"_monsterinsights_sitenote_note":"","_monsterinsights_sitenote_category":0,"_uf_show_specific_survey":0,"_uf_disable_surveys":false},"product_cat":[178,31],"product_tag":[192,181,102,185],"aioseo_notices":[],"jetpack_sharing_enabled":true,"_links":{"self":[{"href":"https:\/\/camilaherreracr.com\/artdesigns\/wp-json\/wp\/v2\/product\/9409"}],"collection":[{"href":"https:\/\/camilaherreracr.com\/artdesigns\/wp-json\/wp\/v2\/product"}],"about":[{"href":"https:\/\/camilaherreracr.com\/artdesigns\/wp-json\/wp\/v2\/types\/product"}],"replies":[{"embeddable":true,"href":"https:\/\/camilaherreracr.com\/artdesigns\/wp-json\/wp\/v2\/comments?post=9409"}],"version-history":[{"count":1,"href":"https:\/\/camilaherreracr.com\/artdesigns\/wp-json\/wp\/v2\/product\/9409\/revisions"}],"predecessor-version":[{"id":10249,"href":"https:\/\/camilaherreracr.com\/artdesigns\/wp-json\/wp\/v2\/product\/9409\/revisions\/10249"}],"wp:featuredmedia":[{"embeddable":true,"href":"https:\/\/camilaherreracr.com\/artdesigns\/wp-json\/wp\/v2\/media\/9407"}],"wp:attachment":[{"href":"https:\/\/camilaherreracr.com\/artdesigns\/wp-json\/wp\/v2\/media?parent=9409"}],"wp:term":[{"taxonomy":"product_cat","embeddable":true,"href":"https:\/\/camilaherreracr.com\/artdesigns\/wp-json\/wp\/v2\/product_cat?post=9409"},{"taxonomy":"product_tag","embeddable":true,"href":"https:\/\/camilaherreracr.com\/artdesigns\/wp-json\/wp\/v2\/product_tag?post=9409"}],"curies":[{"name":"wp","href":"https:\/\/api.w.org\/{rel}","templated":true}]}}