{"id":9399,"date":"2024-02-22T23:25:20","date_gmt":"2024-02-23T05:25:20","guid":{"rendered":"https:\/\/camilaherreracr.com\/artdesignsproducto\/rodela\/"},"modified":"2024-08-16T08:24:34","modified_gmt":"2024-08-16T14:24:34","slug":"rodela","status":"publish","type":"product","link":"https:\/\/camilaherreracr.com\/artdesigns\/producto\/rodela\/","title":{"rendered":"Rodela"},"content":{"rendered":"<p>Un collar en tonalidad plateada, que exhibe la presencia de un cuarzo rosa y perlas cultivadas planas. Esta joya incorpora la suavidad del cuarzo rosa y la distinci\u00f3n de las perlas cultivadas de forma plana. Cada elemento ha sido cuidadosamente fusionado para crear una pieza \u00fanica que refleja la armon\u00eda entre la sofisticaci\u00f3n del dise\u00f1o y la delicadeza de los materiales, creando as\u00ed un accesorio que evoca la belleza atemporal con un toque contempor\u00e1neo.<\/p>\n","protected":false},"excerpt":{"rendered":"<p>Collar plateado confeccionado con cuarzo rosa y perlas cultivadas<\/p>\n","protected":false},"featured_media":9397,"comment_status":"closed","ping_status":"closed","template":"","meta":{"om_disable_all_campaigns":false,"_monsterinsights_skip_tracking":false,"_monsterinsights_sitenote_active":false,"_monsterinsights_sitenote_note":"","_monsterinsights_sitenote_category":0,"_uf_show_specific_survey":0,"_uf_disable_surveys":false},"product_cat":[177,31],"product_tag":[194,186,181,185],"aioseo_notices":[],"jetpack_sharing_enabled":true,"_links":{"self":[{"href":"https:\/\/camilaherreracr.com\/artdesigns\/wp-json\/wp\/v2\/product\/9399"}],"collection":[{"href":"https:\/\/camilaherreracr.com\/artdesigns\/wp-json\/wp\/v2\/product"}],"about":[{"href":"https:\/\/camilaherreracr.com\/artdesigns\/wp-json\/wp\/v2\/types\/product"}],"replies":[{"embeddable":true,"href":"https:\/\/camilaherreracr.com\/artdesigns\/wp-json\/wp\/v2\/comments?post=9399"}],"version-history":[{"count":1,"href":"https:\/\/camilaherreracr.com\/artdesigns\/wp-json\/wp\/v2\/product\/9399\/revisions"}],"predecessor-version":[{"id":10232,"href":"https:\/\/camilaherreracr.com\/artdesigns\/wp-json\/wp\/v2\/product\/9399\/revisions\/10232"}],"wp:featuredmedia":[{"embeddable":true,"href":"https:\/\/camilaherreracr.com\/artdesigns\/wp-json\/wp\/v2\/media\/9397"}],"wp:attachment":[{"href":"https:\/\/camilaherreracr.com\/artdesigns\/wp-json\/wp\/v2\/media?parent=9399"}],"wp:term":[{"taxonomy":"product_cat","embeddable":true,"href":"https:\/\/camilaherreracr.com\/artdesigns\/wp-json\/wp\/v2\/product_cat?post=9399"},{"taxonomy":"product_tag","embeddable":true,"href":"https:\/\/camilaherreracr.com\/artdesigns\/wp-json\/wp\/v2\/product_tag?post=9399"}],"curies":[{"name":"wp","href":"https:\/\/api.w.org\/{rel}","templated":true}]}}