{"id":9393,"date":"2024-02-22T23:24:48","date_gmt":"2024-02-23T05:24:48","guid":{"rendered":"https:\/\/camilaherreracr.com\/artdesignsproducto\/punda-milia\/"},"modified":"2024-08-16T08:24:34","modified_gmt":"2024-08-16T14:24:34","slug":"punda-milia","status":"publish","type":"product","link":"https:\/\/camilaherreracr.com\/artdesigns\/producto\/punda-milia\/","title":{"rendered":"Punda milia"},"content":{"rendered":"<p>Un collar confeccionado a base de jaspe zebra, completado con un cierre de estilo marinero, presenta una combinaci\u00f3n distintiva de materiales que resalta la singularidad del jaspe zebra y a\u00f1ade un toque n\u00e1utico a trav\u00e9s del dise\u00f1o del cierre.<\/p>\n","protected":false},"excerpt":{"rendered":"<p>Collar de piedras naturales y cierre de estilo marinero.<\/p>\n","protected":false},"featured_media":9392,"comment_status":"closed","ping_status":"closed","template":"","meta":{"om_disable_all_campaigns":false,"_monsterinsights_skip_tracking":false,"_monsterinsights_sitenote_active":false,"_monsterinsights_sitenote_note":"","_monsterinsights_sitenote_category":0,"_uf_show_specific_survey":0,"_uf_disable_surveys":false},"product_cat":[196,31],"product_tag":[186,181,185],"aioseo_notices":[],"jetpack_sharing_enabled":true,"_links":{"self":[{"href":"https:\/\/camilaherreracr.com\/artdesigns\/wp-json\/wp\/v2\/product\/9393"}],"collection":[{"href":"https:\/\/camilaherreracr.com\/artdesigns\/wp-json\/wp\/v2\/product"}],"about":[{"href":"https:\/\/camilaherreracr.com\/artdesigns\/wp-json\/wp\/v2\/types\/product"}],"replies":[{"embeddable":true,"href":"https:\/\/camilaherreracr.com\/artdesigns\/wp-json\/wp\/v2\/comments?post=9393"}],"version-history":[{"count":1,"href":"https:\/\/camilaherreracr.com\/artdesigns\/wp-json\/wp\/v2\/product\/9393\/revisions"}],"predecessor-version":[{"id":10231,"href":"https:\/\/camilaherreracr.com\/artdesigns\/wp-json\/wp\/v2\/product\/9393\/revisions\/10231"}],"wp:featuredmedia":[{"embeddable":true,"href":"https:\/\/camilaherreracr.com\/artdesigns\/wp-json\/wp\/v2\/media\/9392"}],"wp:attachment":[{"href":"https:\/\/camilaherreracr.com\/artdesigns\/wp-json\/wp\/v2\/media?parent=9393"}],"wp:term":[{"taxonomy":"product_cat","embeddable":true,"href":"https:\/\/camilaherreracr.com\/artdesigns\/wp-json\/wp\/v2\/product_cat?post=9393"},{"taxonomy":"product_tag","embeddable":true,"href":"https:\/\/camilaherreracr.com\/artdesigns\/wp-json\/wp\/v2\/product_tag?post=9393"}],"curies":[{"name":"wp","href":"https:\/\/api.w.org\/{rel}","templated":true}]}}