{"id":9308,"date":"2024-02-22T23:17:26","date_gmt":"2024-02-23T05:17:26","guid":{"rendered":"https:\/\/camilaherreracr.com\/artdesignsproducto\/morning-mist\/"},"modified":"2024-08-16T08:24:34","modified_gmt":"2024-08-16T14:24:34","slug":"morning-mist","status":"publish","type":"product","link":"https:\/\/camilaherreracr.com\/artdesigns\/producto\/morning-mist\/","title":{"rendered":"Morning mist"},"content":{"rendered":"<p>Un collar confeccionado con cristales azules opacos en tono azul y perlas, presenta una composici\u00f3n que fusiona la opacidad distinguida de los cristales azules con la elegancia cl\u00e1sica de las perlas, resultando en un accesorio con equilibrio est\u00e9tico.<\/p>\n","protected":false},"excerpt":{"rendered":"<p>Un collar elaborado de cristales azules con perlas.<\/p>\n","protected":false},"featured_media":9304,"comment_status":"closed","ping_status":"closed","template":"","meta":{"om_disable_all_campaigns":false,"_monsterinsights_skip_tracking":false,"_monsterinsights_sitenote_active":false,"_monsterinsights_sitenote_note":"","_monsterinsights_sitenote_category":0,"_uf_show_specific_survey":0,"_uf_disable_surveys":false},"product_cat":[31],"product_tag":[192,181,102,184,185],"aioseo_notices":[],"jetpack_sharing_enabled":true,"_links":{"self":[{"href":"https:\/\/camilaherreracr.com\/artdesigns\/wp-json\/wp\/v2\/product\/9308"}],"collection":[{"href":"https:\/\/camilaherreracr.com\/artdesigns\/wp-json\/wp\/v2\/product"}],"about":[{"href":"https:\/\/camilaherreracr.com\/artdesigns\/wp-json\/wp\/v2\/types\/product"}],"replies":[{"embeddable":true,"href":"https:\/\/camilaherreracr.com\/artdesigns\/wp-json\/wp\/v2\/comments?post=9308"}],"version-history":[{"count":1,"href":"https:\/\/camilaherreracr.com\/artdesigns\/wp-json\/wp\/v2\/product\/9308\/revisions"}],"predecessor-version":[{"id":10227,"href":"https:\/\/camilaherreracr.com\/artdesigns\/wp-json\/wp\/v2\/product\/9308\/revisions\/10227"}],"wp:featuredmedia":[{"embeddable":true,"href":"https:\/\/camilaherreracr.com\/artdesigns\/wp-json\/wp\/v2\/media\/9304"}],"wp:attachment":[{"href":"https:\/\/camilaherreracr.com\/artdesigns\/wp-json\/wp\/v2\/media?parent=9308"}],"wp:term":[{"taxonomy":"product_cat","embeddable":true,"href":"https:\/\/camilaherreracr.com\/artdesigns\/wp-json\/wp\/v2\/product_cat?post=9308"},{"taxonomy":"product_tag","embeddable":true,"href":"https:\/\/camilaherreracr.com\/artdesigns\/wp-json\/wp\/v2\/product_tag?post=9308"}],"curies":[{"name":"wp","href":"https:\/\/api.w.org\/{rel}","templated":true}]}}