{"id":9283,"date":"2024-02-22T23:15:37","date_gmt":"2024-02-23T05:15:37","guid":{"rendered":"https:\/\/camilaherreracr.com\/artdesignsproducto\/marbella\/"},"modified":"2024-07-16T13:26:28","modified_gmt":"2024-07-16T19:26:28","slug":"marbella","status":"publish","type":"product","link":"https:\/\/camilaherreracr.com\/artdesigns\/producto\/marbella\/","title":{"rendered":"Amonet"},"content":{"rendered":"<p>Este collar se distingue por la fusi\u00f3n \u00fanica de pukas, perlas cultivadas y un cierre de estilo marinero. Se presenta una combinaci\u00f3n \u00fanica de elementos semi naturales y artificiales, creando una pieza distintiva y llamativa.<\/p>\n","protected":false},"excerpt":{"rendered":"<p>Un collar confeccionado a partir de pukas y perlas cultivadas.<\/p>\n","protected":false},"featured_media":9282,"comment_status":"closed","ping_status":"closed","template":"","meta":{"om_disable_all_campaigns":false,"_monsterinsights_skip_tracking":false,"_monsterinsights_sitenote_active":false,"_monsterinsights_sitenote_note":"","_monsterinsights_sitenote_category":0,"_uf_show_specific_survey":0,"_uf_disable_surveys":false},"product_cat":[31],"product_tag":[192,181,102,185],"aioseo_notices":[],"jetpack_sharing_enabled":true,"_links":{"self":[{"href":"https:\/\/camilaherreracr.com\/artdesigns\/wp-json\/wp\/v2\/product\/9283"}],"collection":[{"href":"https:\/\/camilaherreracr.com\/artdesigns\/wp-json\/wp\/v2\/product"}],"about":[{"href":"https:\/\/camilaherreracr.com\/artdesigns\/wp-json\/wp\/v2\/types\/product"}],"replies":[{"embeddable":true,"href":"https:\/\/camilaherreracr.com\/artdesigns\/wp-json\/wp\/v2\/comments?post=9283"}],"version-history":[{"count":1,"href":"https:\/\/camilaherreracr.com\/artdesigns\/wp-json\/wp\/v2\/product\/9283\/revisions"}],"predecessor-version":[{"id":10225,"href":"https:\/\/camilaherreracr.com\/artdesigns\/wp-json\/wp\/v2\/product\/9283\/revisions\/10225"}],"wp:featuredmedia":[{"embeddable":true,"href":"https:\/\/camilaherreracr.com\/artdesigns\/wp-json\/wp\/v2\/media\/9282"}],"wp:attachment":[{"href":"https:\/\/camilaherreracr.com\/artdesigns\/wp-json\/wp\/v2\/media?parent=9283"}],"wp:term":[{"taxonomy":"product_cat","embeddable":true,"href":"https:\/\/camilaherreracr.com\/artdesigns\/wp-json\/wp\/v2\/product_cat?post=9283"},{"taxonomy":"product_tag","embeddable":true,"href":"https:\/\/camilaherreracr.com\/artdesigns\/wp-json\/wp\/v2\/product_tag?post=9283"}],"curies":[{"name":"wp","href":"https:\/\/api.w.org\/{rel}","templated":true}]}}