{"id":9226,"date":"2024-02-22T23:10:42","date_gmt":"2024-02-23T05:10:42","guid":{"rendered":"https:\/\/camilaherreracr.com\/artdesignsproducto\/koro-set\/"},"modified":"2024-08-25T04:09:16","modified_gmt":"2024-08-25T10:09:16","slug":"koro-set","status":"publish","type":"product","link":"https:\/\/camilaherreracr.com\/artdesigns\/producto\/koro-set\/","title":{"rendered":"Koro set"},"content":{"rendered":"<p>Conjunto de dos collares, uno con cristales verdes y detalles en forma de coraz\u00f3n, y otro con una cadena plateada con dije de coraz\u00f3n. Ambos elementos est\u00e1n fabricados en acero inoxidable.<\/p>\n","protected":false},"excerpt":{"rendered":"<p>Set de collares.<\/p>\n","protected":false},"featured_media":9224,"comment_status":"closed","ping_status":"closed","template":"","meta":{"om_disable_all_campaigns":false,"_monsterinsights_skip_tracking":false,"_monsterinsights_sitenote_active":false,"_monsterinsights_sitenote_note":"","_monsterinsights_sitenote_category":0,"_uf_show_specific_survey":0,"_uf_disable_surveys":false},"product_cat":[176],"product_tag":[189,181,102,185],"aioseo_notices":[],"jetpack_sharing_enabled":true,"_links":{"self":[{"href":"https:\/\/camilaherreracr.com\/artdesigns\/wp-json\/wp\/v2\/product\/9226"}],"collection":[{"href":"https:\/\/camilaherreracr.com\/artdesigns\/wp-json\/wp\/v2\/product"}],"about":[{"href":"https:\/\/camilaherreracr.com\/artdesigns\/wp-json\/wp\/v2\/types\/product"}],"replies":[{"embeddable":true,"href":"https:\/\/camilaherreracr.com\/artdesigns\/wp-json\/wp\/v2\/comments?post=9226"}],"version-history":[{"count":1,"href":"https:\/\/camilaherreracr.com\/artdesigns\/wp-json\/wp\/v2\/product\/9226\/revisions"}],"predecessor-version":[{"id":10256,"href":"https:\/\/camilaherreracr.com\/artdesigns\/wp-json\/wp\/v2\/product\/9226\/revisions\/10256"}],"wp:featuredmedia":[{"embeddable":true,"href":"https:\/\/camilaherreracr.com\/artdesigns\/wp-json\/wp\/v2\/media\/9224"}],"wp:attachment":[{"href":"https:\/\/camilaherreracr.com\/artdesigns\/wp-json\/wp\/v2\/media?parent=9226"}],"wp:term":[{"taxonomy":"product_cat","embeddable":true,"href":"https:\/\/camilaherreracr.com\/artdesigns\/wp-json\/wp\/v2\/product_cat?post=9226"},{"taxonomy":"product_tag","embeddable":true,"href":"https:\/\/camilaherreracr.com\/artdesigns\/wp-json\/wp\/v2\/product_tag?post=9226"}],"curies":[{"name":"wp","href":"https:\/\/api.w.org\/{rel}","templated":true}]}}