{"id":9210,"date":"2024-02-22T23:09:30","date_gmt":"2024-02-23T05:09:30","guid":{"rendered":"https:\/\/camilaherreracr.com\/artdesignsproducto\/i-cherry-ish-you-set\/"},"modified":"2024-08-24T06:13:29","modified_gmt":"2024-08-24T12:13:29","slug":"i-cherry-ish-you-set","status":"publish","type":"product","link":"https:\/\/camilaherreracr.com\/artdesigns\/producto\/i-cherry-ish-you-set\/","title":{"rendered":"I cherry-ish you set"},"content":{"rendered":"<p>Un conjunto que engloba una cadena y un choker, ambos adornados con cristales y piedras seminaturales en tonalidades rojas. Esta elegante combinaci\u00f3n resalta la fusi\u00f3n armoniosa entre la luminosidad de los cristales y la genuina belleza de las piedras seminaturales, creando una expresi\u00f3n \u00fanica de sofisticaci\u00f3n y estilo en esta joyer\u00eda.<\/p>\n","protected":false},"excerpt":{"rendered":"<p>Conjunto de collar y gargantilla confeccionado con cristales y piedras semipreciosas en tonalidades rojas.<\/p>\n","protected":false},"featured_media":9209,"comment_status":"closed","ping_status":"closed","template":"","meta":{"om_disable_all_campaigns":false,"_monsterinsights_skip_tracking":false,"_monsterinsights_sitenote_active":false,"_monsterinsights_sitenote_note":"","_monsterinsights_sitenote_category":0,"_uf_show_specific_survey":0,"_uf_disable_surveys":false},"product_cat":[176],"product_tag":[186,181,191,185],"aioseo_notices":[],"jetpack_sharing_enabled":true,"_links":{"self":[{"href":"https:\/\/camilaherreracr.com\/artdesigns\/wp-json\/wp\/v2\/product\/9210"}],"collection":[{"href":"https:\/\/camilaherreracr.com\/artdesigns\/wp-json\/wp\/v2\/product"}],"about":[{"href":"https:\/\/camilaherreracr.com\/artdesigns\/wp-json\/wp\/v2\/types\/product"}],"replies":[{"embeddable":true,"href":"https:\/\/camilaherreracr.com\/artdesigns\/wp-json\/wp\/v2\/comments?post=9210"}],"version-history":[{"count":1,"href":"https:\/\/camilaherreracr.com\/artdesigns\/wp-json\/wp\/v2\/product\/9210\/revisions"}],"predecessor-version":[{"id":9938,"href":"https:\/\/camilaherreracr.com\/artdesigns\/wp-json\/wp\/v2\/product\/9210\/revisions\/9938"}],"wp:featuredmedia":[{"embeddable":true,"href":"https:\/\/camilaherreracr.com\/artdesigns\/wp-json\/wp\/v2\/media\/9209"}],"wp:attachment":[{"href":"https:\/\/camilaherreracr.com\/artdesigns\/wp-json\/wp\/v2\/media?parent=9210"}],"wp:term":[{"taxonomy":"product_cat","embeddable":true,"href":"https:\/\/camilaherreracr.com\/artdesigns\/wp-json\/wp\/v2\/product_cat?post=9210"},{"taxonomy":"product_tag","embeddable":true,"href":"https:\/\/camilaherreracr.com\/artdesigns\/wp-json\/wp\/v2\/product_tag?post=9210"}],"curies":[{"name":"wp","href":"https:\/\/api.w.org\/{rel}","templated":true}]}}