{"id":9186,"date":"2024-02-22T23:07:45","date_gmt":"2024-02-23T05:07:45","guid":{"rendered":"https:\/\/camilaherreracr.com\/artdesignsproducto\/flute\/"},"modified":"2024-08-16T08:24:33","modified_gmt":"2024-08-16T14:24:33","slug":"flute","status":"publish","type":"product","link":"https:\/\/camilaherreracr.com\/artdesigns\/producto\/flute\/","title":{"rendered":"Flut\u00e9"},"content":{"rendered":"<p>Un collar que combina perlas y piedras picadas, fusionando la elegancia cl\u00e1sica de las perlas con la distinci\u00f3n art\u00edstica de la piedra picada, creando as\u00ed una joya que destaca por su sofisticaci\u00f3n y singularidad.<\/p>\n","protected":false},"excerpt":{"rendered":"<p>Collar confeccionado con perlas y piedra picada.<\/p>\n","protected":false},"featured_media":9185,"comment_status":"closed","ping_status":"closed","template":"","meta":{"om_disable_all_campaigns":false,"_monsterinsights_skip_tracking":false,"_monsterinsights_sitenote_active":false,"_monsterinsights_sitenote_note":"","_monsterinsights_sitenote_category":0,"_uf_show_specific_survey":0,"_uf_disable_surveys":false},"product_cat":[31],"product_tag":[192,184,185],"aioseo_notices":[],"jetpack_sharing_enabled":true,"_links":{"self":[{"href":"https:\/\/camilaherreracr.com\/artdesigns\/wp-json\/wp\/v2\/product\/9186"}],"collection":[{"href":"https:\/\/camilaherreracr.com\/artdesigns\/wp-json\/wp\/v2\/product"}],"about":[{"href":"https:\/\/camilaherreracr.com\/artdesigns\/wp-json\/wp\/v2\/types\/product"}],"replies":[{"embeddable":true,"href":"https:\/\/camilaherreracr.com\/artdesigns\/wp-json\/wp\/v2\/comments?post=9186"}],"version-history":[{"count":1,"href":"https:\/\/camilaherreracr.com\/artdesigns\/wp-json\/wp\/v2\/product\/9186\/revisions"}],"predecessor-version":[{"id":10215,"href":"https:\/\/camilaherreracr.com\/artdesigns\/wp-json\/wp\/v2\/product\/9186\/revisions\/10215"}],"wp:featuredmedia":[{"embeddable":true,"href":"https:\/\/camilaherreracr.com\/artdesigns\/wp-json\/wp\/v2\/media\/9185"}],"wp:attachment":[{"href":"https:\/\/camilaherreracr.com\/artdesigns\/wp-json\/wp\/v2\/media?parent=9186"}],"wp:term":[{"taxonomy":"product_cat","embeddable":true,"href":"https:\/\/camilaherreracr.com\/artdesigns\/wp-json\/wp\/v2\/product_cat?post=9186"},{"taxonomy":"product_tag","embeddable":true,"href":"https:\/\/camilaherreracr.com\/artdesigns\/wp-json\/wp\/v2\/product_tag?post=9186"}],"curies":[{"name":"wp","href":"https:\/\/api.w.org\/{rel}","templated":true}]}}