{"id":9180,"date":"2024-02-22T23:05:37","date_gmt":"2024-02-23T05:05:37","guid":{"rendered":"https:\/\/camilaherreracr.com\/artdesignsproducto\/eva\/"},"modified":"2024-02-22T23:05:37","modified_gmt":"2024-02-23T05:05:37","slug":"eva","status":"publish","type":"product","link":"https:\/\/camilaherreracr.com\/artdesigns\/producto\/eva\/","title":{"rendered":"Eva"},"content":{"rendered":"<p>Un collar de acero inoxidable, con dijes de peque\u00f1os corazones. La presencia de estos, no solo agrega un toque de refinamiento, sino que tambi\u00e9n infunde al accesorio un simbolismo rom\u00e1ntico y atemporal.<\/p>\n","protected":false},"excerpt":{"rendered":"<p>Collar de acero inoxidable, adornado con corazones de variados tonos.<\/p>\n","protected":false},"featured_media":9179,"comment_status":"open","ping_status":"closed","template":"","meta":{"om_disable_all_campaigns":false,"_monsterinsights_skip_tracking":false,"_monsterinsights_sitenote_active":false,"_monsterinsights_sitenote_note":"","_monsterinsights_sitenote_category":0,"_uf_show_specific_survey":0,"_uf_disable_surveys":false},"product_cat":[177,31],"product_tag":[192,181,102,185],"aioseo_notices":[],"jetpack_sharing_enabled":true,"_links":{"self":[{"href":"https:\/\/camilaherreracr.com\/artdesigns\/wp-json\/wp\/v2\/product\/9180"}],"collection":[{"href":"https:\/\/camilaherreracr.com\/artdesigns\/wp-json\/wp\/v2\/product"}],"about":[{"href":"https:\/\/camilaherreracr.com\/artdesigns\/wp-json\/wp\/v2\/types\/product"}],"replies":[{"embeddable":true,"href":"https:\/\/camilaherreracr.com\/artdesigns\/wp-json\/wp\/v2\/comments?post=9180"}],"version-history":[{"count":0,"href":"https:\/\/camilaherreracr.com\/artdesigns\/wp-json\/wp\/v2\/product\/9180\/revisions"}],"wp:featuredmedia":[{"embeddable":true,"href":"https:\/\/camilaherreracr.com\/artdesigns\/wp-json\/wp\/v2\/media\/9179"}],"wp:attachment":[{"href":"https:\/\/camilaherreracr.com\/artdesigns\/wp-json\/wp\/v2\/media?parent=9180"}],"wp:term":[{"taxonomy":"product_cat","embeddable":true,"href":"https:\/\/camilaherreracr.com\/artdesigns\/wp-json\/wp\/v2\/product_cat?post=9180"},{"taxonomy":"product_tag","embeddable":true,"href":"https:\/\/camilaherreracr.com\/artdesigns\/wp-json\/wp\/v2\/product_tag?post=9180"}],"curies":[{"name":"wp","href":"https:\/\/api.w.org\/{rel}","templated":true}]}}