{"id":9151,"date":"2024-02-22T23:03:20","date_gmt":"2024-02-23T05:03:20","guid":{"rendered":"https:\/\/camilaherreracr.com\/artdesignsproducto\/cordelia\/"},"modified":"2024-08-16T08:24:33","modified_gmt":"2024-08-16T14:24:33","slug":"cordelia","status":"publish","type":"product","link":"https:\/\/camilaherreracr.com\/artdesigns\/producto\/cordelia\/","title":{"rendered":"Cordelia"},"content":{"rendered":"<p>Un collar, en donde se resaltan peque\u00f1as piedras naturales de variados colores. Este accesorio, incorpora la armon\u00eda de tonalidades que a\u00f1aden una sutil pero impactante paleta crom\u00e1tica.<\/p>\n","protected":false},"excerpt":{"rendered":"<p>Collar de piedras naturales.<\/p>\n","protected":false},"featured_media":9149,"comment_status":"closed","ping_status":"closed","template":"","meta":{"om_disable_all_campaigns":false,"_monsterinsights_skip_tracking":false,"_monsterinsights_sitenote_active":false,"_monsterinsights_sitenote_note":"","_monsterinsights_sitenote_category":0,"_uf_show_specific_survey":0,"_uf_disable_surveys":false},"product_cat":[178,196,31],"product_tag":[192,181,102,185],"aioseo_notices":[],"jetpack_sharing_enabled":true,"_links":{"self":[{"href":"https:\/\/camilaherreracr.com\/artdesigns\/wp-json\/wp\/v2\/product\/9151"}],"collection":[{"href":"https:\/\/camilaherreracr.com\/artdesigns\/wp-json\/wp\/v2\/product"}],"about":[{"href":"https:\/\/camilaherreracr.com\/artdesigns\/wp-json\/wp\/v2\/types\/product"}],"replies":[{"embeddable":true,"href":"https:\/\/camilaherreracr.com\/artdesigns\/wp-json\/wp\/v2\/comments?post=9151"}],"version-history":[{"count":1,"href":"https:\/\/camilaherreracr.com\/artdesigns\/wp-json\/wp\/v2\/product\/9151\/revisions"}],"predecessor-version":[{"id":10212,"href":"https:\/\/camilaherreracr.com\/artdesigns\/wp-json\/wp\/v2\/product\/9151\/revisions\/10212"}],"wp:featuredmedia":[{"embeddable":true,"href":"https:\/\/camilaherreracr.com\/artdesigns\/wp-json\/wp\/v2\/media\/9149"}],"wp:attachment":[{"href":"https:\/\/camilaherreracr.com\/artdesigns\/wp-json\/wp\/v2\/media?parent=9151"}],"wp:term":[{"taxonomy":"product_cat","embeddable":true,"href":"https:\/\/camilaherreracr.com\/artdesigns\/wp-json\/wp\/v2\/product_cat?post=9151"},{"taxonomy":"product_tag","embeddable":true,"href":"https:\/\/camilaherreracr.com\/artdesigns\/wp-json\/wp\/v2\/product_tag?post=9151"}],"curies":[{"name":"wp","href":"https:\/\/api.w.org\/{rel}","templated":true}]}}