{"id":9058,"date":"2024-02-22T22:56:21","date_gmt":"2024-02-23T04:56:21","guid":{"rendered":"https:\/\/camilaherreracr.com\/artdesignsproducto\/ardente\/"},"modified":"2024-08-16T08:24:33","modified_gmt":"2024-08-16T14:24:33","slug":"ardente","status":"publish","type":"product","link":"https:\/\/camilaherreracr.com\/artdesigns\/producto\/ardente\/","title":{"rendered":"Ardente"},"content":{"rendered":"<p>Un collar confeccionado con piedras naturales de formas irregulares, complementado por un cierre de estilo marinero, exhibe una combinaci\u00f3n distintiva de elementos naturales, caracteriz\u00e1ndose por su singularidad y estilo art\u00edstico.<\/p>\n","protected":false},"excerpt":{"rendered":"<p>Collar de piedras naturales irregulares.<\/p>\n","protected":false},"featured_media":9056,"comment_status":"closed","ping_status":"closed","template":"","meta":{"om_disable_all_campaigns":false,"_monsterinsights_skip_tracking":false,"_monsterinsights_sitenote_active":false,"_monsterinsights_sitenote_note":"","_monsterinsights_sitenote_category":0,"_uf_show_specific_survey":0,"_uf_disable_surveys":false},"product_cat":[196,31],"product_tag":[181,184,185],"aioseo_notices":[],"jetpack_sharing_enabled":true,"_links":{"self":[{"href":"https:\/\/camilaherreracr.com\/artdesigns\/wp-json\/wp\/v2\/product\/9058"}],"collection":[{"href":"https:\/\/camilaherreracr.com\/artdesigns\/wp-json\/wp\/v2\/product"}],"about":[{"href":"https:\/\/camilaherreracr.com\/artdesigns\/wp-json\/wp\/v2\/types\/product"}],"replies":[{"embeddable":true,"href":"https:\/\/camilaherreracr.com\/artdesigns\/wp-json\/wp\/v2\/comments?post=9058"}],"version-history":[{"count":1,"href":"https:\/\/camilaherreracr.com\/artdesigns\/wp-json\/wp\/v2\/product\/9058\/revisions"}],"predecessor-version":[{"id":10206,"href":"https:\/\/camilaherreracr.com\/artdesigns\/wp-json\/wp\/v2\/product\/9058\/revisions\/10206"}],"wp:featuredmedia":[{"embeddable":true,"href":"https:\/\/camilaherreracr.com\/artdesigns\/wp-json\/wp\/v2\/media\/9056"}],"wp:attachment":[{"href":"https:\/\/camilaherreracr.com\/artdesigns\/wp-json\/wp\/v2\/media?parent=9058"}],"wp:term":[{"taxonomy":"product_cat","embeddable":true,"href":"https:\/\/camilaherreracr.com\/artdesigns\/wp-json\/wp\/v2\/product_cat?post=9058"},{"taxonomy":"product_tag","embeddable":true,"href":"https:\/\/camilaherreracr.com\/artdesigns\/wp-json\/wp\/v2\/product_tag?post=9058"}],"curies":[{"name":"wp","href":"https:\/\/api.w.org\/{rel}","templated":true}]}}