{"id":9041,"date":"2024-02-22T22:55:16","date_gmt":"2024-02-23T04:55:16","guid":{"rendered":"https:\/\/camilaherreracr.com\/artdesignsproducto\/amata-set\/"},"modified":"2024-08-16T08:24:35","modified_gmt":"2024-08-16T14:24:35","slug":"amata-set","status":"publish","type":"product","link":"https:\/\/camilaherreracr.com\/artdesigns\/producto\/amata-set\/","title":{"rendered":"Madrila set"},"content":{"rendered":"<p>Conjunto que consta de dos cadenas doradas, una de las cuales presenta un colgante en forma de coraz\u00f3n, mientras que la otra est\u00e1 adornada con peque\u00f1os balines dorados.<\/p>\n","protected":false},"excerpt":{"rendered":"<p>Set de collares.<\/p>\n","protected":false},"featured_media":9039,"comment_status":"closed","ping_status":"closed","template":"","meta":{"om_disable_all_campaigns":false,"_monsterinsights_skip_tracking":false,"_monsterinsights_sitenote_active":false,"_monsterinsights_sitenote_note":"","_monsterinsights_sitenote_category":0,"_uf_show_specific_survey":0,"_uf_disable_surveys":false},"product_cat":[176],"product_tag":[183,181,182],"aioseo_notices":[],"jetpack_sharing_enabled":true,"_links":{"self":[{"href":"https:\/\/camilaherreracr.com\/artdesigns\/wp-json\/wp\/v2\/product\/9041"}],"collection":[{"href":"https:\/\/camilaherreracr.com\/artdesigns\/wp-json\/wp\/v2\/product"}],"about":[{"href":"https:\/\/camilaherreracr.com\/artdesigns\/wp-json\/wp\/v2\/types\/product"}],"replies":[{"embeddable":true,"href":"https:\/\/camilaherreracr.com\/artdesigns\/wp-json\/wp\/v2\/comments?post=9041"}],"version-history":[{"count":2,"href":"https:\/\/camilaherreracr.com\/artdesigns\/wp-json\/wp\/v2\/product\/9041\/revisions"}],"predecessor-version":[{"id":10224,"href":"https:\/\/camilaherreracr.com\/artdesigns\/wp-json\/wp\/v2\/product\/9041\/revisions\/10224"}],"wp:featuredmedia":[{"embeddable":true,"href":"https:\/\/camilaherreracr.com\/artdesigns\/wp-json\/wp\/v2\/media\/9039"}],"wp:attachment":[{"href":"https:\/\/camilaherreracr.com\/artdesigns\/wp-json\/wp\/v2\/media?parent=9041"}],"wp:term":[{"taxonomy":"product_cat","embeddable":true,"href":"https:\/\/camilaherreracr.com\/artdesigns\/wp-json\/wp\/v2\/product_cat?post=9041"},{"taxonomy":"product_tag","embeddable":true,"href":"https:\/\/camilaherreracr.com\/artdesigns\/wp-json\/wp\/v2\/product_tag?post=9041"}],"curies":[{"name":"wp","href":"https:\/\/api.w.org\/{rel}","templated":true}]}}