{"id":9038,"date":"2024-02-22T22:55:00","date_gmt":"2024-02-23T04:55:00","guid":{"rendered":"https:\/\/camilaherreracr.com\/artdesignsproducto\/amata\/"},"modified":"2024-08-26T11:14:19","modified_gmt":"2024-08-26T17:14:19","slug":"amata","status":"publish","type":"product","link":"https:\/\/camilaherreracr.com\/artdesigns\/producto\/amata\/","title":{"rendered":"Madrila"},"content":{"rendered":"<p>Una cadena de acero inoxidable dorado con un delicado coraz\u00f3n, exhibe una combinaci\u00f3n de materiales que destaca la durabilidad del acero inoxidable junto con la expresi\u00f3n art\u00edstica y simb\u00f3lica del coraz\u00f3n, resultando en una pieza de joyer\u00eda minimalista.<\/p>\n","protected":false},"excerpt":{"rendered":"<p>Una delicada cadena con un dije en forma de coraz\u00f3n.<\/p>\n","protected":false},"featured_media":9711,"comment_status":"closed","ping_status":"closed","template":"","meta":{"om_disable_all_campaigns":false,"_monsterinsights_skip_tracking":false,"_monsterinsights_sitenote_active":false,"_monsterinsights_sitenote_note":"","_monsterinsights_sitenote_category":0,"_uf_show_specific_survey":0,"_uf_disable_surveys":false},"product_cat":[177,31],"product_tag":[192,186,181,102,185],"aioseo_notices":[],"jetpack_sharing_enabled":true,"_links":{"self":[{"href":"https:\/\/camilaherreracr.com\/artdesigns\/wp-json\/wp\/v2\/product\/9038"}],"collection":[{"href":"https:\/\/camilaherreracr.com\/artdesigns\/wp-json\/wp\/v2\/product"}],"about":[{"href":"https:\/\/camilaherreracr.com\/artdesigns\/wp-json\/wp\/v2\/types\/product"}],"replies":[{"embeddable":true,"href":"https:\/\/camilaherreracr.com\/artdesigns\/wp-json\/wp\/v2\/comments?post=9038"}],"version-history":[{"count":3,"href":"https:\/\/camilaherreracr.com\/artdesigns\/wp-json\/wp\/v2\/product\/9038\/revisions"}],"predecessor-version":[{"id":10223,"href":"https:\/\/camilaherreracr.com\/artdesigns\/wp-json\/wp\/v2\/product\/9038\/revisions\/10223"}],"wp:featuredmedia":[{"embeddable":true,"href":"https:\/\/camilaherreracr.com\/artdesigns\/wp-json\/wp\/v2\/media\/9711"}],"wp:attachment":[{"href":"https:\/\/camilaherreracr.com\/artdesigns\/wp-json\/wp\/v2\/media?parent=9038"}],"wp:term":[{"taxonomy":"product_cat","embeddable":true,"href":"https:\/\/camilaherreracr.com\/artdesigns\/wp-json\/wp\/v2\/product_cat?post=9038"},{"taxonomy":"product_tag","embeddable":true,"href":"https:\/\/camilaherreracr.com\/artdesigns\/wp-json\/wp\/v2\/product_tag?post=9038"}],"curies":[{"name":"wp","href":"https:\/\/api.w.org\/{rel}","templated":true}]}}