{"id":9023,"date":"2024-02-22T22:53:59","date_gmt":"2024-02-23T04:53:59","guid":{"rendered":"https:\/\/camilaherreracr.com\/artdesignsproducto\/acacia\/"},"modified":"2024-08-16T08:24:33","modified_gmt":"2024-08-16T14:24:33","slug":"acacia","status":"publish","type":"product","link":"https:\/\/camilaherreracr.com\/artdesigns\/producto\/acacia\/","title":{"rendered":"Acacia"},"content":{"rendered":"<p>Un elegante choker elaborado con perlas cultivadas de tonalidad rosa. Este accesorio no solo resalta la belleza y la suavidad de las perlas cultivadas, sino que tambi\u00e9n a\u00f1ade un toque de elegancia con su tono rosado, creando as\u00ed una pieza de joyer\u00eda que encapsula la gracia atemporal y la feminidad en su expresi\u00f3n.<\/p>\n","protected":false},"excerpt":{"rendered":"<p>Gargantilla con perlas de tonalidad rosada.<\/p>\n","protected":false},"featured_media":9022,"comment_status":"closed","ping_status":"closed","template":"","meta":{"om_disable_all_campaigns":false,"_monsterinsights_skip_tracking":false,"_monsterinsights_sitenote_active":false,"_monsterinsights_sitenote_note":"","_monsterinsights_sitenote_category":0,"_uf_show_specific_survey":0,"_uf_disable_surveys":false},"product_cat":[193,31],"product_tag":[194,195,186,102,185],"aioseo_notices":[],"jetpack_sharing_enabled":true,"_links":{"self":[{"href":"https:\/\/camilaherreracr.com\/artdesigns\/wp-json\/wp\/v2\/product\/9023"}],"collection":[{"href":"https:\/\/camilaherreracr.com\/artdesigns\/wp-json\/wp\/v2\/product"}],"about":[{"href":"https:\/\/camilaherreracr.com\/artdesigns\/wp-json\/wp\/v2\/types\/product"}],"replies":[{"embeddable":true,"href":"https:\/\/camilaherreracr.com\/artdesigns\/wp-json\/wp\/v2\/comments?post=9023"}],"version-history":[{"count":1,"href":"https:\/\/camilaherreracr.com\/artdesigns\/wp-json\/wp\/v2\/product\/9023\/revisions"}],"predecessor-version":[{"id":10205,"href":"https:\/\/camilaherreracr.com\/artdesigns\/wp-json\/wp\/v2\/product\/9023\/revisions\/10205"}],"wp:featuredmedia":[{"embeddable":true,"href":"https:\/\/camilaherreracr.com\/artdesigns\/wp-json\/wp\/v2\/media\/9022"}],"wp:attachment":[{"href":"https:\/\/camilaherreracr.com\/artdesigns\/wp-json\/wp\/v2\/media?parent=9023"}],"wp:term":[{"taxonomy":"product_cat","embeddable":true,"href":"https:\/\/camilaherreracr.com\/artdesigns\/wp-json\/wp\/v2\/product_cat?post=9023"},{"taxonomy":"product_tag","embeddable":true,"href":"https:\/\/camilaherreracr.com\/artdesigns\/wp-json\/wp\/v2\/product_tag?post=9023"}],"curies":[{"name":"wp","href":"https:\/\/api.w.org\/{rel}","templated":true}]}}