{"id":10548,"date":"2025-11-04T07:27:41","date_gmt":"2025-11-04T13:27:41","guid":{"rendered":"https:\/\/camilaherreracr.com\/artdesigns\/?post_type=product&#038;p=10548"},"modified":"2025-11-04T07:39:04","modified_gmt":"2025-11-04T13:39:04","slug":"helia","status":"publish","type":"product","link":"https:\/\/camilaherreracr.com\/artdesigns\/producto\/helia\/","title":{"rendered":"Helia"},"content":{"rendered":"<p>Aretes sofisticados con perlas barrocas en dos tonalidades, que combinan elegancia y estilo \u00fanico. Un dise\u00f1o distintivo ideal para realzar cualquier look con un toque de lujo y distinci\u00f3n.<\/p>\n","protected":false},"excerpt":{"rendered":"<p>Aretes con perlas barrocas en dos tonalidades, elegantes y sofisticados para cualquier ocasi\u00f3n especial.<\/p>\n","protected":false},"featured_media":10551,"comment_status":"open","ping_status":"closed","template":"","meta":{"om_disable_all_campaigns":false,"_monsterinsights_skip_tracking":false,"_monsterinsights_sitenote_active":false,"_monsterinsights_sitenote_note":"","_monsterinsights_sitenote_category":0,"_uf_show_specific_survey":0,"_uf_disable_surveys":false},"product_cat":[238],"product_tag":[194,195,186,181,230],"aioseo_notices":[],"jetpack_sharing_enabled":true,"_links":{"self":[{"href":"https:\/\/camilaherreracr.com\/artdesigns\/wp-json\/wp\/v2\/product\/10548"}],"collection":[{"href":"https:\/\/camilaherreracr.com\/artdesigns\/wp-json\/wp\/v2\/product"}],"about":[{"href":"https:\/\/camilaherreracr.com\/artdesigns\/wp-json\/wp\/v2\/types\/product"}],"replies":[{"embeddable":true,"href":"https:\/\/camilaherreracr.com\/artdesigns\/wp-json\/wp\/v2\/comments?post=10548"}],"version-history":[{"count":1,"href":"https:\/\/camilaherreracr.com\/artdesigns\/wp-json\/wp\/v2\/product\/10548\/revisions"}],"predecessor-version":[{"id":10552,"href":"https:\/\/camilaherreracr.com\/artdesigns\/wp-json\/wp\/v2\/product\/10548\/revisions\/10552"}],"wp:featuredmedia":[{"embeddable":true,"href":"https:\/\/camilaherreracr.com\/artdesigns\/wp-json\/wp\/v2\/media\/10551"}],"wp:attachment":[{"href":"https:\/\/camilaherreracr.com\/artdesigns\/wp-json\/wp\/v2\/media?parent=10548"}],"wp:term":[{"taxonomy":"product_cat","embeddable":true,"href":"https:\/\/camilaherreracr.com\/artdesigns\/wp-json\/wp\/v2\/product_cat?post=10548"},{"taxonomy":"product_tag","embeddable":true,"href":"https:\/\/camilaherreracr.com\/artdesigns\/wp-json\/wp\/v2\/product_tag?post=10548"}],"curies":[{"name":"wp","href":"https:\/\/api.w.org\/{rel}","templated":true}]}}