{"id":10492,"date":"2025-10-14T11:59:33","date_gmt":"2025-10-14T17:59:33","guid":{"rendered":"https:\/\/camilaherreracr.com\/artdesigns\/?post_type=product&#038;p=10492"},"modified":"2025-10-14T14:10:24","modified_gmt":"2025-10-14T20:10:24","slug":"florina","status":"publish","type":"product","link":"https:\/\/camilaherreracr.com\/artdesigns\/producto\/florina\/","title":{"rendered":"Florina"},"content":{"rendered":"<p>Peineta confeccionada con flores acr\u00edlicas y hojas de resina elaboradas a mano, perlas y cristales. Su dise\u00f1o \u00fanico incluye una enrredadera que se extiende a un costado de la cabeza, creando una pieza llamativa y de gran presencia.<\/p>\n","protected":false},"excerpt":{"rendered":"<p>Peineta con una enrredadera lateral, adornada con perlas y cristales para un toque elegante y llamativo.<\/p>\n","protected":false},"featured_media":10493,"comment_status":"open","ping_status":"closed","template":"","meta":{"om_disable_all_campaigns":false,"_monsterinsights_skip_tracking":false,"_monsterinsights_sitenote_active":false,"_monsterinsights_sitenote_note":"","_monsterinsights_sitenote_category":0,"_uf_show_specific_survey":0,"_uf_disable_surveys":false},"product_cat":[226],"product_tag":[200,186,230],"aioseo_notices":[],"jetpack_sharing_enabled":true,"_links":{"self":[{"href":"https:\/\/camilaherreracr.com\/artdesigns\/wp-json\/wp\/v2\/product\/10492"}],"collection":[{"href":"https:\/\/camilaherreracr.com\/artdesigns\/wp-json\/wp\/v2\/product"}],"about":[{"href":"https:\/\/camilaherreracr.com\/artdesigns\/wp-json\/wp\/v2\/types\/product"}],"replies":[{"embeddable":true,"href":"https:\/\/camilaherreracr.com\/artdesigns\/wp-json\/wp\/v2\/comments?post=10492"}],"version-history":[{"count":2,"href":"https:\/\/camilaherreracr.com\/artdesigns\/wp-json\/wp\/v2\/product\/10492\/revisions"}],"predecessor-version":[{"id":10499,"href":"https:\/\/camilaherreracr.com\/artdesigns\/wp-json\/wp\/v2\/product\/10492\/revisions\/10499"}],"wp:featuredmedia":[{"embeddable":true,"href":"https:\/\/camilaherreracr.com\/artdesigns\/wp-json\/wp\/v2\/media\/10493"}],"wp:attachment":[{"href":"https:\/\/camilaherreracr.com\/artdesigns\/wp-json\/wp\/v2\/media?parent=10492"}],"wp:term":[{"taxonomy":"product_cat","embeddable":true,"href":"https:\/\/camilaherreracr.com\/artdesigns\/wp-json\/wp\/v2\/product_cat?post=10492"},{"taxonomy":"product_tag","embeddable":true,"href":"https:\/\/camilaherreracr.com\/artdesigns\/wp-json\/wp\/v2\/product_tag?post=10492"}],"curies":[{"name":"wp","href":"https:\/\/api.w.org\/{rel}","templated":true}]}}