{"id":10486,"date":"2025-10-14T11:41:45","date_gmt":"2025-10-14T17:41:45","guid":{"rendered":"https:\/\/camilaherreracr.com\/artdesigns\/?post_type=product&#038;p=10486"},"modified":"2025-11-03T12:52:44","modified_gmt":"2025-11-03T18:52:44","slug":"callia","status":"publish","type":"product","link":"https:\/\/camilaherreracr.com\/artdesigns\/producto\/callia\/","title":{"rendered":"Callia"},"content":{"rendered":"<p>Con perlas y cristales, esta peineta aporta un toque de brillo elegante y discreto. Perfecta para bodas o cualquier ocasi\u00f3n especial, se adapta a diferentes peinados, a\u00f1adiendo un toque de sofisticaci\u00f3n.<\/p>\n","protected":false},"excerpt":{"rendered":"<p>Una peineta elaborada con perlas y cristales, que aporta un toque sofisticado y radiante a cualquier peinado.<\/p>\n","protected":false},"featured_media":10487,"comment_status":"open","ping_status":"closed","template":"","meta":{"om_disable_all_campaigns":false,"_monsterinsights_skip_tracking":false,"_monsterinsights_sitenote_active":false,"_monsterinsights_sitenote_note":"","_monsterinsights_sitenote_category":0,"_uf_show_specific_survey":0,"_uf_disable_surveys":false},"product_cat":[226],"product_tag":[200,186,230],"aioseo_notices":[],"jetpack_sharing_enabled":true,"_links":{"self":[{"href":"https:\/\/camilaherreracr.com\/artdesigns\/wp-json\/wp\/v2\/product\/10486"}],"collection":[{"href":"https:\/\/camilaherreracr.com\/artdesigns\/wp-json\/wp\/v2\/product"}],"about":[{"href":"https:\/\/camilaherreracr.com\/artdesigns\/wp-json\/wp\/v2\/types\/product"}],"replies":[{"embeddable":true,"href":"https:\/\/camilaherreracr.com\/artdesigns\/wp-json\/wp\/v2\/comments?post=10486"}],"version-history":[{"count":1,"href":"https:\/\/camilaherreracr.com\/artdesigns\/wp-json\/wp\/v2\/product\/10486\/revisions"}],"predecessor-version":[{"id":10491,"href":"https:\/\/camilaherreracr.com\/artdesigns\/wp-json\/wp\/v2\/product\/10486\/revisions\/10491"}],"wp:featuredmedia":[{"embeddable":true,"href":"https:\/\/camilaherreracr.com\/artdesigns\/wp-json\/wp\/v2\/media\/10487"}],"wp:attachment":[{"href":"https:\/\/camilaherreracr.com\/artdesigns\/wp-json\/wp\/v2\/media?parent=10486"}],"wp:term":[{"taxonomy":"product_cat","embeddable":true,"href":"https:\/\/camilaherreracr.com\/artdesigns\/wp-json\/wp\/v2\/product_cat?post=10486"},{"taxonomy":"product_tag","embeddable":true,"href":"https:\/\/camilaherreracr.com\/artdesigns\/wp-json\/wp\/v2\/product_tag?post=10486"}],"curies":[{"name":"wp","href":"https:\/\/api.w.org\/{rel}","templated":true}]}}