{"id":10461,"date":"2025-08-28T09:30:45","date_gmt":"2025-08-28T15:30:45","guid":{"rendered":"https:\/\/camilaherreracr.com\/artdesigns\/?post_type=product&#038;p=10461"},"modified":"2025-11-03T12:45:04","modified_gmt":"2025-11-03T18:45:04","slug":"adelina","status":"publish","type":"product","link":"https:\/\/camilaherreracr.com\/artdesigns\/producto\/adelina\/","title":{"rendered":"Adelina"},"content":{"rendered":"<p>Tocado nupcial dise\u00f1ado con cristales y perlas que capturan la luz en cada movimiento. Su estructura tupida y brillante aporta un toque sofisticado y \u00fanico, perfecto para ocasiones especiales. Puede optar por comunicarse con el n\u00famero 85297823 para confirmar la fecha de entrega con respecto a la boda, o bien aguardar a que la dise\u00f1adora se ponga en contacto con usted para afinar los detalles personalizados\u00a0de\u00a0su\u00a0pedido.<\/p>\n<p>&nbsp;<\/p>\n","protected":false},"excerpt":{"rendered":"<p>Tocado nupcial dise\u00f1ado con cristales y perlas. Su estructura tupida y brillante aporta un toque sofisticado y \u00fanico, perfecto para ocasiones especiales<\/p>\n","protected":false},"featured_media":10462,"comment_status":"open","ping_status":"closed","template":"","meta":{"om_disable_all_campaigns":false,"_monsterinsights_skip_tracking":false,"_monsterinsights_sitenote_active":false,"_monsterinsights_sitenote_note":"","_monsterinsights_sitenote_category":0,"_uf_show_specific_survey":0,"_uf_disable_surveys":false},"product_cat":[228],"product_tag":[200,186,230],"aioseo_notices":[],"jetpack_sharing_enabled":true,"_links":{"self":[{"href":"https:\/\/camilaherreracr.com\/artdesigns\/wp-json\/wp\/v2\/product\/10461"}],"collection":[{"href":"https:\/\/camilaherreracr.com\/artdesigns\/wp-json\/wp\/v2\/product"}],"about":[{"href":"https:\/\/camilaherreracr.com\/artdesigns\/wp-json\/wp\/v2\/types\/product"}],"replies":[{"embeddable":true,"href":"https:\/\/camilaherreracr.com\/artdesigns\/wp-json\/wp\/v2\/comments?post=10461"}],"version-history":[{"count":1,"href":"https:\/\/camilaherreracr.com\/artdesigns\/wp-json\/wp\/v2\/product\/10461\/revisions"}],"predecessor-version":[{"id":10468,"href":"https:\/\/camilaherreracr.com\/artdesigns\/wp-json\/wp\/v2\/product\/10461\/revisions\/10468"}],"wp:featuredmedia":[{"embeddable":true,"href":"https:\/\/camilaherreracr.com\/artdesigns\/wp-json\/wp\/v2\/media\/10462"}],"wp:attachment":[{"href":"https:\/\/camilaherreracr.com\/artdesigns\/wp-json\/wp\/v2\/media?parent=10461"}],"wp:term":[{"taxonomy":"product_cat","embeddable":true,"href":"https:\/\/camilaherreracr.com\/artdesigns\/wp-json\/wp\/v2\/product_cat?post=10461"},{"taxonomy":"product_tag","embeddable":true,"href":"https:\/\/camilaherreracr.com\/artdesigns\/wp-json\/wp\/v2\/product_tag?post=10461"}],"curies":[{"name":"wp","href":"https:\/\/api.w.org\/{rel}","templated":true}]}}