{"id":10439,"date":"2025-05-29T10:33:31","date_gmt":"2025-05-29T16:33:31","guid":{"rendered":"https:\/\/camilaherreracr.com\/artdesigns?post_type=product&#038;p=10439"},"modified":"2025-05-29T10:35:39","modified_gmt":"2025-05-29T16:35:39","slug":"rea","status":"publish","type":"product","link":"https:\/\/camilaherreracr.com\/artdesigns\/producto\/rea\/","title":{"rendered":"Rea"},"content":{"rendered":"<p>Accesorio para el cabello de estilo bohemio, elaborado con perlas, cristales y hojas de acero inoxidable. Los tonos de los cristales pueden varias seg\u00fan la clienta. IMPORTANTE: Puede optar por comunicarse con el n\u00famero 85297823 para confirmar la fecha de entrega de la boda, o bien aguardar a que la dise\u00f1adora se ponga en contacto con usted para afinar los detalles personalizados de su pedido.<\/p>\n","protected":false},"excerpt":{"rendered":"<p>Accesorio para el cabello de estilo bohemio.<\/p>\n","protected":false},"featured_media":10440,"comment_status":"open","ping_status":"closed","template":"","meta":{"om_disable_all_campaigns":false,"_monsterinsights_skip_tracking":false,"_monsterinsights_sitenote_active":false,"_monsterinsights_sitenote_note":"","_monsterinsights_sitenote_category":0,"_uf_show_specific_survey":0,"_uf_disable_surveys":false},"product_cat":[228],"product_tag":[194,230],"aioseo_notices":[],"jetpack_sharing_enabled":true,"_links":{"self":[{"href":"https:\/\/camilaherreracr.com\/artdesigns\/wp-json\/wp\/v2\/product\/10439"}],"collection":[{"href":"https:\/\/camilaherreracr.com\/artdesigns\/wp-json\/wp\/v2\/product"}],"about":[{"href":"https:\/\/camilaherreracr.com\/artdesigns\/wp-json\/wp\/v2\/types\/product"}],"replies":[{"embeddable":true,"href":"https:\/\/camilaherreracr.com\/artdesigns\/wp-json\/wp\/v2\/comments?post=10439"}],"version-history":[{"count":2,"href":"https:\/\/camilaherreracr.com\/artdesigns\/wp-json\/wp\/v2\/product\/10439\/revisions"}],"predecessor-version":[{"id":10447,"href":"https:\/\/camilaherreracr.com\/artdesigns\/wp-json\/wp\/v2\/product\/10439\/revisions\/10447"}],"wp:featuredmedia":[{"embeddable":true,"href":"https:\/\/camilaherreracr.com\/artdesigns\/wp-json\/wp\/v2\/media\/10440"}],"wp:attachment":[{"href":"https:\/\/camilaherreracr.com\/artdesigns\/wp-json\/wp\/v2\/media?parent=10439"}],"wp:term":[{"taxonomy":"product_cat","embeddable":true,"href":"https:\/\/camilaherreracr.com\/artdesigns\/wp-json\/wp\/v2\/product_cat?post=10439"},{"taxonomy":"product_tag","embeddable":true,"href":"https:\/\/camilaherreracr.com\/artdesigns\/wp-json\/wp\/v2\/product_tag?post=10439"}],"curies":[{"name":"wp","href":"https:\/\/api.w.org\/{rel}","templated":true}]}}